{"id":2448,"date":"2026-01-23T15:01:58","date_gmt":"2026-01-23T12:01:58","guid":{"rendered":"https:\/\/www.mecanicacnc.com\/privacy-policy\/"},"modified":"2026-01-23T15:01:58","modified_gmt":"2026-01-23T12:01:58","slug":"privacy-policy","status":"publish","type":"page","link":"https:\/\/www.mecanicacnc.com\/de\/privacy-policy\/","title":{"rendered":"Datenschutzbestimmungen"},"content":{"rendered":"&#13;\n<h2 class=\"wp-block-heading\">Wer wir sind<\/h2>&#13;\n&#13;\n<p>Unsere Website-Adresse lautet: https:\/\/www.mecanicacnc.com.<\/p>&#13;\n&#13;\n<h2 class=\"wp-block-heading\">Kommentare<\/h2>&#13;\n&#13;\n<p>Wenn Besucher Kommentare auf der Website hinterlassen, erfassen wir die im Kommentarformular angezeigten Daten sowie die IP-Adresse und den User-Agent-String des Browsers des Besuchers, um die Spam-Erkennung zu erleichtern.<\/p>&#13;\n&#13;\n<p>Eine anonymisierte Zeichenfolge, die aus Ihrer E-Mail-Adresse erstellt wird (auch Hash genannt), kann dem Gravatar-Dienst zur Verf\u00fcgung gestellt werden, um zu sehen, ob Sie ihn verwenden. Die Datenschutzrichtlinien des Gravatar-Dienstes finden Sie hier: https:\/\/automattic.com\/privacy\/. Nach der Freigabe Ihres Kommentars ist Ihr Profilbild im Zusammenhang mit Ihrem Kommentar \u00f6ffentlich sichtbar. <\/p>&#13;\n&#13;\n<h2 class=\"wp-block-heading\">Medien<\/h2>&#13;\n&#13;\n<p><strong class=\"privacy-policy-tutorial\"> <\/strong>Wenn Sie Bilder auf die Website hochladen, sollten Sie es vermeiden, Bilder hochzuladen, die eingebettete Standortdaten (EXIF-GPS) enthalten. Besucher der Website k\u00f6nnen alle Standortdaten von Bildern auf der Website herunterladen und extrahieren. <\/p>&#13;\n&#13;\n<h2 class=\"wp-block-heading\">Cookies<\/h2>&#13;\n&#13;\n<p>Wenn Sie einen Kommentar auf unserer Website hinterlassen, k\u00f6nnen Sie sich damit einverstanden erkl\u00e4ren, dass Ihr Name, Ihre E-Mail-Adresse und Ihre Website in Cookies gespeichert werden. Dies dient Ihrer Bequemlichkeit, damit Sie Ihre Daten nicht erneut eingeben m\u00fcssen, wenn Sie einen weiteren Kommentar hinterlassen. Diese Cookies sind ein Jahr lang g\u00fcltig.  <\/p>&#13;\n&#13;\n<p>Wenn Sie unsere Anmeldeseite besuchen, setzen wir ein tempor\u00e4res Cookie, um festzustellen, ob Ihr Browser Cookies zul\u00e4sst. Dieses Cookie enth\u00e4lt keine pers\u00f6nlichen Daten und wird verworfen, wenn Sie Ihren Browser schlie\u00dfen. <\/p>&#13;\n&#13;\n<p>Wenn Sie sich anmelden, legen wir au\u00dferdem mehrere Cookies an, um Ihre Anmeldeinformationen und die von Ihnen gew\u00e4hlten Bildschirmoptionen zu speichern. Die Anmelde-Cookies bleiben zwei Tage lang gespeichert, die Cookies f\u00fcr die Bildschirmoptionen ein Jahr lang. Wenn Sie &#8222;Angemeldet bleiben&#8220; w\u00e4hlen, bleibt Ihr Login zwei Wochen lang erhalten. Wenn Sie sich von Ihrem Konto abmelden, werden die Anmelde-Cookies entfernt.   <\/p>&#13;\n&#13;\n<p>Wenn Sie einen Artikel bearbeiten oder ver\u00f6ffentlichen, wird ein zus\u00e4tzliches Cookie in Ihrem Browser gespeichert. Dieses Cookie enth\u00e4lt keine pers\u00f6nlichen Daten und zeigt lediglich die Post-ID des Artikels an, den Sie gerade bearbeitet haben. Er verf\u00e4llt nach 1 Tag.  <\/p>&#13;\n&#13;\n<h2 class=\"wp-block-heading\">Eingebettete Inhalte von anderen Websites<\/h2>&#13;\n&#13;\n<p>Artikel auf dieser Website k\u00f6nnen eingebettete Inhalte enthalten (z. B. Videos, Bilder, Artikel usw.). Eingebettete Inhalte von anderen Websites verhalten sich genau so, als ob der Besucher die andere Website besucht h\u00e4tte. <\/p>&#13;\n&#13;\n<p>Diese Websites k\u00f6nnen Daten \u00fcber Sie sammeln, Cookies verwenden, zus\u00e4tzliche Trackingfunktionen von Drittanbietern einbetten und Ihre Interaktion mit diesen eingebetteten Inhalten \u00fcberwachen, einschlie\u00dflich der Verfolgung Ihrer Interaktion mit den eingebetteten Inhalten, wenn Sie ein Konto haben und auf dieser Website angemeldet sind.<\/p>&#13;\n&#13;\n<h2 class=\"wp-block-heading\">Mit wem wir Ihre Daten teilen<\/h2>&#13;\n&#13;\n<p>Wenn Sie eine Passwortr\u00fccksetzung anfordern, wird Ihre IP-Adresse in der R\u00fccksetzungs-E-Mail enthalten sein.<\/p>&#13;\n&#13;\n<h2 class=\"wp-block-heading\">Wie lange wir Ihre Daten aufbewahren<\/h2>&#13;\n&#13;\n<p><strong class=\"privacy-policy-tutorial\"> <\/strong>Wenn Sie einen Kommentar hinterlassen, werden der Kommentar und seine Metadaten auf unbestimmte Zeit gespeichert. Auf diese Weise k\u00f6nnen wir Folgekommentare automatisch erkennen und genehmigen, anstatt sie in einer Moderationswarteschlange zu halten. <\/p>&#13;\n&#13;\n<p>F\u00fcr Benutzer, die sich auf unserer Website registrieren (falls vorhanden), speichern wir auch die pers\u00f6nlichen Daten, die sie in ihrem Benutzerprofil angeben. Alle Benutzer k\u00f6nnen ihre pers\u00f6nlichen Daten jederzeit einsehen, bearbeiten oder l\u00f6schen (au\u00dfer sie k\u00f6nnen ihren Benutzernamen nicht \u00e4ndern). Website-Administratoren k\u00f6nnen diese Informationen ebenfalls einsehen und bearbeiten.  <\/p>&#13;\n&#13;\n<h2 class=\"wp-block-heading\">Welche Rechte Sie \u00fcber Ihre Daten haben<\/h2>&#13;\n&#13;\n<p>Wenn Sie ein Konto auf dieser Website haben oder Kommentare hinterlassen haben, k\u00f6nnen Sie eine exportierte Datei mit den personenbezogenen Daten anfordern, die wir \u00fcber Sie gespeichert haben, einschlie\u00dflich der Daten, die Sie uns zur Verf\u00fcgung gestellt haben. Sie k\u00f6nnen auch verlangen, dass wir alle personenbezogenen Daten, die wir \u00fcber Sie gespeichert haben, l\u00f6schen. Dies gilt nicht f\u00fcr Daten, die wir aus administrativen, rechtlichen oder Sicherheitsgr\u00fcnden aufbewahren m\u00fcssen.  <\/p>&#13;\n&#13;\n<h2 class=\"wp-block-heading\">Wohin Ihre Daten gesendet werden<\/h2>&#13;\n&#13;\n<p><strong class=\"privacy-policy-tutorial\"> <\/strong>Besucherkommentare k\u00f6nnen durch einen automatischen Spam-Erkennungsdienst \u00fcberpr\u00fcft werden.<\/p>&#13;\n<p>&nbsp;<\/p>\n","protected":false},"excerpt":{"rendered":"<p>&#13; Wer wir sind &#13; &#13; Unsere Website-Adresse lautet: https:\/\/www.mecanicacnc.com. &#13; &#13; Kommentare &#13; &#13; Wenn Besucher Kommentare auf der Website hinterlassen, erfassen wir die im Kommentarformular angezeigten Daten sowie die IP-Adresse und den User-Agent-String des Browsers des Besuchers, um die Spam-Erkennung zu erleichtern. &#13; &#13; Eine anonymisierte Zeichenfolge, die aus Ihrer E-Mail-Adresse erstellt wird [&hellip;]<\/p>\n","protected":false},"author":1,"featured_media":0,"parent":0,"menu_order":0,"comment_status":"closed","ping_status":"closed","template":"","meta":{"_acf_changed":false,"_monsterinsights_skip_tracking":false,"_monsterinsights_sitenote_active":false,"_monsterinsights_sitenote_note":"","_monsterinsights_sitenote_category":0,"_joinchat":[],"footnotes":""},"class_list":["post-2448","page","type-page","status-publish","hentry"],"acf":[],"yoast_head":"<!-- This site is optimized with the Yoast SEO Premium plugin v26.8 (Yoast SEO v27.4) - https:\/\/yoast.com\/product\/yoast-seo-premium-wordpress\/ -->\n<title>Datenschutzbestimmungen - Mecanica - Al\u00fcminyum Profil Kesme ve \u0130\u015fleme Makine ve Otomasyon Teknolojileri<\/title>\n<meta name=\"description\" content=\"Aluminium Machinery for Aluminium Market, Aluminium Profile Machining Center, Double Head Cutting Machine, 4 axis CNC, 5 Axis CNC, Facade Notching Saws, Double Mitre Saws\" \/>\n<meta name=\"robots\" content=\"index, follow, max-snippet:-1, max-image-preview:large, max-video-preview:-1\" \/>\n<link rel=\"canonical\" href=\"https:\/\/www.mecanicacnc.com\/de\/privacy-policy\/\" \/>\n<meta property=\"og:locale\" content=\"de_DE\" \/>\n<meta property=\"og:type\" content=\"article\" \/>\n<meta property=\"og:title\" content=\"Datenschutzbestimmungen\" \/>\n<meta property=\"og:description\" content=\"Aluminum Profile Machining Center by Mecanica CNC\" \/>\n<meta property=\"og:url\" content=\"https:\/\/www.mecanicacnc.com\/de\/privacy-policy\/\" \/>\n<meta property=\"og:site_name\" content=\"Mecanica - Al\u00fcminyum Profil Kesme ve \u0130\u015fleme Makine ve Otomasyon Teknolojileri\" \/>\n<meta property=\"article:publisher\" content=\"https:\/\/www.facebook.com\/mecanicacncmakine\" \/>\n<meta property=\"og:image\" content=\"https:\/\/www.mecanicacnc.com\/wp-content\/uploads\/2021\/06\/mecanica-logo-son.jpg\" \/>\n\t<meta property=\"og:image:width\" content=\"696\" \/>\n\t<meta property=\"og:image:height\" content=\"508\" \/>\n\t<meta property=\"og:image:type\" content=\"image\/jpeg\" \/>\n<meta name=\"twitter:card\" content=\"summary_large_image\" \/>\n<meta name=\"twitter:site\" content=\"@MecanicaCNC\" \/>\n<meta name=\"twitter:label1\" content=\"Gesch\u00e4tzte Lesezeit\" \/>\n\t<meta name=\"twitter:data1\" content=\"3\u00a0Minuten\" \/>\n<script type=\"application\/ld+json\" class=\"yoast-schema-graph\">{\"@context\":\"https:\\\/\\\/schema.org\",\"@graph\":[{\"@type\":\"TechArticle\",\"@id\":\"https:\\\/\\\/www.mecanicacnc.com\\\/de\\\/privacy-policy\\\/#article\",\"isPartOf\":{\"@id\":\"https:\\\/\\\/www.mecanicacnc.com\\\/de\\\/privacy-policy\\\/\"},\"author\":{\"name\":\"mecanica\",\"@id\":\"https:\\\/\\\/www.mecanicacnc.com\\\/de\\\/#\\\/schema\\\/person\\\/e7b248a6ed3a02b2d612d15afe637db7\"},\"headline\":\"Datenschutzbestimmungen\",\"datePublished\":\"2026-01-23T12:01:58+00:00\",\"mainEntityOfPage\":{\"@id\":\"https:\\\/\\\/www.mecanicacnc.com\\\/de\\\/privacy-policy\\\/\"},\"wordCount\":625,\"publisher\":{\"@id\":\"https:\\\/\\\/www.mecanicacnc.com\\\/de\\\/#organization\"},\"inLanguage\":\"de\"},{\"@type\":\"WebPage\",\"@id\":\"https:\\\/\\\/www.mecanicacnc.com\\\/de\\\/privacy-policy\\\/\",\"url\":\"https:\\\/\\\/www.mecanicacnc.com\\\/de\\\/privacy-policy\\\/\",\"name\":\"Datenschutzbestimmungen - Mecanica - Al\u00fcminyum Profil Kesme ve \u0130\u015fleme Makine ve Otomasyon Teknolojileri\",\"isPartOf\":{\"@id\":\"https:\\\/\\\/www.mecanicacnc.com\\\/de\\\/#website\"},\"datePublished\":\"2026-01-23T12:01:58+00:00\",\"description\":\"Aluminium Machinery for Aluminium Market, Aluminium Profile Machining Center, Double Head Cutting Machine, 4 axis CNC, 5 Axis CNC, Facade Notching Saws, Double Mitre Saws\",\"breadcrumb\":{\"@id\":\"https:\\\/\\\/www.mecanicacnc.com\\\/de\\\/privacy-policy\\\/#breadcrumb\"},\"inLanguage\":\"de\",\"potentialAction\":[{\"@type\":\"ReadAction\",\"target\":[\"https:\\\/\\\/www.mecanicacnc.com\\\/de\\\/privacy-policy\\\/\"]}]},{\"@type\":\"BreadcrumbList\",\"@id\":\"https:\\\/\\\/www.mecanicacnc.com\\\/de\\\/privacy-policy\\\/#breadcrumb\",\"itemListElement\":[{\"@type\":\"ListItem\",\"position\":1,\"name\":\"Anasayfa\",\"item\":\"https:\\\/\\\/www.mecanicacnc.com\\\/de\\\/\"},{\"@type\":\"ListItem\",\"position\":2,\"name\":\"Datenschutzbestimmungen\"}]},{\"@type\":\"WebSite\",\"@id\":\"https:\\\/\\\/www.mecanicacnc.com\\\/de\\\/#website\",\"url\":\"https:\\\/\\\/www.mecanicacnc.com\\\/de\\\/\",\"name\":\"Mecanica - Al\u00fcminyum Profil Kesme ve \u0130\u015fleme Makine ve Otomasyon Teknolojileri\",\"description\":\"Aluminium Profile CNC Machinery for aluminium market\",\"publisher\":{\"@id\":\"https:\\\/\\\/www.mecanicacnc.com\\\/de\\\/#organization\"},\"alternateName\":\"Mecanica Aluminyum CNC Makineleri\",\"potentialAction\":[{\"@type\":\"SearchAction\",\"target\":{\"@type\":\"EntryPoint\",\"urlTemplate\":\"https:\\\/\\\/www.mecanicacnc.com\\\/de\\\/?s={search_term_string}\"},\"query-input\":{\"@type\":\"PropertyValueSpecification\",\"valueRequired\":true,\"valueName\":\"search_term_string\"}}],\"inLanguage\":\"de\"},{\"@type\":[\"Organization\",\"Place\"],\"@id\":\"https:\\\/\\\/www.mecanicacnc.com\\\/de\\\/#organization\",\"name\":\"Mecanica CNC Aluminum Machinery\",\"alternateName\":\"Mecanica CNC Aluminium Machinery\",\"url\":\"https:\\\/\\\/www.mecanicacnc.com\\\/de\\\/\",\"logo\":{\"@id\":\"https:\\\/\\\/www.mecanicacnc.com\\\/de\\\/privacy-policy\\\/#local-main-organization-logo\"},\"image\":{\"@id\":\"https:\\\/\\\/www.mecanicacnc.com\\\/de\\\/privacy-policy\\\/#local-main-organization-logo\"},\"sameAs\":[\"https:\\\/\\\/www.facebook.com\\\/mecanicacncmakine\",\"https:\\\/\\\/x.com\\\/MecanicaCNC\",\"https:\\\/\\\/mastodon.social\\\/@mecanicacnc\",\"https:\\\/\\\/www.instagram.com\\\/mecanicacnc\\\/\",\"https:\\\/\\\/tr.pinterest.com\\\/mecanicacnc\\\/\",\"https:\\\/\\\/www.youtube.com\\\/@mecanicacncmachine\"],\"description\":\"Mecanica CNC has been established to offer the machines needed by the aluminum industry. Mecanica CNC, which was established in 2015, has taken the lead in the production of automation machines in the automotive sector, white goods sector and industrial aluminum sectors in a short time and is the direct machine supplier of many automotive companies.\",\"legalName\":\"Mecanica CNC Makine Servis LTD STI\",\"foundingDate\":\"2015-01-01\",\"numberOfEmployees\":{\"@type\":\"QuantitativeValue\",\"minValue\":\"11\",\"maxValue\":\"50\"},\"publishingPrinciples\":\"https:\\\/\\\/www.mecanicacnc.com\\\/corporate\\\/\",\"ownershipFundingInfo\":\"https:\\\/\\\/www.mecanicacnc.com\\\/contact-detail\\\/\",\"actionableFeedbackPolicy\":\"https:\\\/\\\/www.mecanicacnc.com\\\/contact-form\\\/\",\"correctionsPolicy\":\"https:\\\/\\\/www.mecanicacnc.com\\\/contact-form\\\/\",\"ethicsPolicy\":\"https:\\\/\\\/www.mecanicacnc.com\\\/contact-form\\\/\",\"diversityPolicy\":\"https:\\\/\\\/www.mecanicacnc.com\\\/contact-detail\\\/\",\"diversityStaffingReport\":\"https:\\\/\\\/www.mecanicacnc.com\\\/contact-detail\\\/\",\"address\":{\"@id\":\"https:\\\/\\\/www.mecanicacnc.com\\\/de\\\/privacy-policy\\\/#local-main-place-address\"},\"telephone\":[\"00902166887574\",\"00905307742130\"],\"contactPoint\":{\"@type\":\"ContactPoint\",\"telephone\":\"00905307742130\",\"email\":\"osman@mecanicacnc.com\"},\"openingHoursSpecification\":[{\"@type\":\"OpeningHoursSpecification\",\"dayOfWeek\":[\"Monday\",\"Tuesday\",\"Wednesday\",\"Thursday\",\"Friday\"],\"opens\":\"09:00\",\"closes\":\"18:00\"},{\"@type\":\"OpeningHoursSpecification\",\"dayOfWeek\":[\"Saturday\"],\"opens\":\"09:00\",\"closes\":\"12:00\"},{\"@type\":\"OpeningHoursSpecification\",\"dayOfWeek\":[\"Sunday\"],\"opens\":\"00:00\",\"closes\":\"00:00\"}],\"email\":\"info@mecanicacnc.com\",\"faxNumber\":\"00902166887572\",\"vatID\":\"6130845412\"},{\"@type\":\"Person\",\"@id\":\"https:\\\/\\\/www.mecanicacnc.com\\\/de\\\/#\\\/schema\\\/person\\\/e7b248a6ed3a02b2d612d15afe637db7\",\"name\":\"mecanica\",\"image\":{\"@type\":\"ImageObject\",\"inLanguage\":\"de\",\"@id\":\"https:\\\/\\\/secure.gravatar.com\\\/avatar\\\/1ae77edb4ed4d2cf895278da1ae4ee7b3124220d2482b7d7610bda838571fd93?s=96&d=mm&r=g\",\"url\":\"https:\\\/\\\/secure.gravatar.com\\\/avatar\\\/1ae77edb4ed4d2cf895278da1ae4ee7b3124220d2482b7d7610bda838571fd93?s=96&d=mm&r=g\",\"contentUrl\":\"https:\\\/\\\/secure.gravatar.com\\\/avatar\\\/1ae77edb4ed4d2cf895278da1ae4ee7b3124220d2482b7d7610bda838571fd93?s=96&d=mm&r=g\",\"caption\":\"mecanica\"},\"sameAs\":[\"https:\\\/\\\/www.mecanicacnc.com\"],\"url\":\"https:\\\/\\\/www.mecanicacnc.com\\\/de\\\/author\\\/mecanica\\\/\"},{\"@type\":\"PostalAddress\",\"@id\":\"https:\\\/\\\/www.mecanicacnc.com\\\/de\\\/privacy-policy\\\/#local-main-place-address\",\"streetAddress\":\"adakule cevizli mah yesil sok no 4 d 87 kat 16 cevizli maltepe istanbul\",\"addressLocality\":\"istanbul\",\"postalCode\":\"34876\",\"addressRegion\":\"marmara sea\",\"addressCountry\":\"TR\"},{\"@type\":\"ImageObject\",\"inLanguage\":\"de\",\"@id\":\"https:\\\/\\\/www.mecanicacnc.com\\\/de\\\/privacy-policy\\\/#local-main-organization-logo\",\"url\":\"https:\\\/\\\/www.mecanicacnc.com\\\/wp-content\\\/uploads\\\/2021\\\/06\\\/mecanica-logo-son.jpg\",\"contentUrl\":\"https:\\\/\\\/www.mecanicacnc.com\\\/wp-content\\\/uploads\\\/2021\\\/06\\\/mecanica-logo-son.jpg\",\"width\":696,\"height\":508,\"caption\":\"Mecanica CNC Aluminum Machinery\"}]}<\/script>\n<meta name=\"geo.placename\" content=\"istanbul\" \/>\n<meta name=\"geo.region\" content=\"T\u00fcrkei\" \/>\n<!-- \/ Yoast SEO Premium plugin. -->","yoast_head_json":{"title":"Datenschutzbestimmungen - Mecanica - Al\u00fcminyum Profil Kesme ve \u0130\u015fleme Makine ve Otomasyon Teknolojileri","description":"Aluminium Machinery for Aluminium Market, Aluminium Profile Machining Center, Double Head Cutting Machine, 4 axis CNC, 5 Axis CNC, Facade Notching Saws, Double Mitre Saws","robots":{"index":"index","follow":"follow","max-snippet":"max-snippet:-1","max-image-preview":"max-image-preview:large","max-video-preview":"max-video-preview:-1"},"canonical":"https:\/\/www.mecanicacnc.com\/de\/privacy-policy\/","og_locale":"de_DE","og_type":"article","og_title":"Datenschutzbestimmungen","og_description":"Aluminum Profile Machining Center by Mecanica CNC","og_url":"https:\/\/www.mecanicacnc.com\/de\/privacy-policy\/","og_site_name":"Mecanica - Al\u00fcminyum Profil Kesme ve \u0130\u015fleme Makine ve Otomasyon Teknolojileri","article_publisher":"https:\/\/www.facebook.com\/mecanicacncmakine","og_image":[{"width":696,"height":508,"url":"https:\/\/www.mecanicacnc.com\/wp-content\/uploads\/2021\/06\/mecanica-logo-son.jpg","type":"image\/jpeg"}],"twitter_card":"summary_large_image","twitter_site":"@MecanicaCNC","twitter_misc":{"Gesch\u00e4tzte Lesezeit":"3\u00a0Minuten"},"schema":{"@context":"https:\/\/schema.org","@graph":[{"@type":"TechArticle","@id":"https:\/\/www.mecanicacnc.com\/de\/privacy-policy\/#article","isPartOf":{"@id":"https:\/\/www.mecanicacnc.com\/de\/privacy-policy\/"},"author":{"name":"mecanica","@id":"https:\/\/www.mecanicacnc.com\/de\/#\/schema\/person\/e7b248a6ed3a02b2d612d15afe637db7"},"headline":"Datenschutzbestimmungen","datePublished":"2026-01-23T12:01:58+00:00","mainEntityOfPage":{"@id":"https:\/\/www.mecanicacnc.com\/de\/privacy-policy\/"},"wordCount":625,"publisher":{"@id":"https:\/\/www.mecanicacnc.com\/de\/#organization"},"inLanguage":"de"},{"@type":"WebPage","@id":"https:\/\/www.mecanicacnc.com\/de\/privacy-policy\/","url":"https:\/\/www.mecanicacnc.com\/de\/privacy-policy\/","name":"Datenschutzbestimmungen - Mecanica - Al\u00fcminyum Profil Kesme ve \u0130\u015fleme Makine ve Otomasyon Teknolojileri","isPartOf":{"@id":"https:\/\/www.mecanicacnc.com\/de\/#website"},"datePublished":"2026-01-23T12:01:58+00:00","description":"Aluminium Machinery for Aluminium Market, Aluminium Profile Machining Center, Double Head Cutting Machine, 4 axis CNC, 5 Axis CNC, Facade Notching Saws, Double Mitre Saws","breadcrumb":{"@id":"https:\/\/www.mecanicacnc.com\/de\/privacy-policy\/#breadcrumb"},"inLanguage":"de","potentialAction":[{"@type":"ReadAction","target":["https:\/\/www.mecanicacnc.com\/de\/privacy-policy\/"]}]},{"@type":"BreadcrumbList","@id":"https:\/\/www.mecanicacnc.com\/de\/privacy-policy\/#breadcrumb","itemListElement":[{"@type":"ListItem","position":1,"name":"Anasayfa","item":"https:\/\/www.mecanicacnc.com\/de\/"},{"@type":"ListItem","position":2,"name":"Datenschutzbestimmungen"}]},{"@type":"WebSite","@id":"https:\/\/www.mecanicacnc.com\/de\/#website","url":"https:\/\/www.mecanicacnc.com\/de\/","name":"Mecanica - Al\u00fcminyum Profil Kesme ve \u0130\u015fleme Makine ve Otomasyon Teknolojileri","description":"Aluminium Profile CNC Machinery for aluminium market","publisher":{"@id":"https:\/\/www.mecanicacnc.com\/de\/#organization"},"alternateName":"Mecanica Aluminyum CNC Makineleri","potentialAction":[{"@type":"SearchAction","target":{"@type":"EntryPoint","urlTemplate":"https:\/\/www.mecanicacnc.com\/de\/?s={search_term_string}"},"query-input":{"@type":"PropertyValueSpecification","valueRequired":true,"valueName":"search_term_string"}}],"inLanguage":"de"},{"@type":["Organization","Place"],"@id":"https:\/\/www.mecanicacnc.com\/de\/#organization","name":"Mecanica CNC Aluminum Machinery","alternateName":"Mecanica CNC Aluminium Machinery","url":"https:\/\/www.mecanicacnc.com\/de\/","logo":{"@id":"https:\/\/www.mecanicacnc.com\/de\/privacy-policy\/#local-main-organization-logo"},"image":{"@id":"https:\/\/www.mecanicacnc.com\/de\/privacy-policy\/#local-main-organization-logo"},"sameAs":["https:\/\/www.facebook.com\/mecanicacncmakine","https:\/\/x.com\/MecanicaCNC","https:\/\/mastodon.social\/@mecanicacnc","https:\/\/www.instagram.com\/mecanicacnc\/","https:\/\/tr.pinterest.com\/mecanicacnc\/","https:\/\/www.youtube.com\/@mecanicacncmachine"],"description":"Mecanica CNC has been established to offer the machines needed by the aluminum industry. Mecanica CNC, which was established in 2015, has taken the lead in the production of automation machines in the automotive sector, white goods sector and industrial aluminum sectors in a short time and is the direct machine supplier of many automotive companies.","legalName":"Mecanica CNC Makine Servis LTD STI","foundingDate":"2015-01-01","numberOfEmployees":{"@type":"QuantitativeValue","minValue":"11","maxValue":"50"},"publishingPrinciples":"https:\/\/www.mecanicacnc.com\/corporate\/","ownershipFundingInfo":"https:\/\/www.mecanicacnc.com\/contact-detail\/","actionableFeedbackPolicy":"https:\/\/www.mecanicacnc.com\/contact-form\/","correctionsPolicy":"https:\/\/www.mecanicacnc.com\/contact-form\/","ethicsPolicy":"https:\/\/www.mecanicacnc.com\/contact-form\/","diversityPolicy":"https:\/\/www.mecanicacnc.com\/contact-detail\/","diversityStaffingReport":"https:\/\/www.mecanicacnc.com\/contact-detail\/","address":{"@id":"https:\/\/www.mecanicacnc.com\/de\/privacy-policy\/#local-main-place-address"},"telephone":["00902166887574","00905307742130"],"contactPoint":{"@type":"ContactPoint","telephone":"00905307742130","email":"osman@mecanicacnc.com"},"openingHoursSpecification":[{"@type":"OpeningHoursSpecification","dayOfWeek":["Monday","Tuesday","Wednesday","Thursday","Friday"],"opens":"09:00","closes":"18:00"},{"@type":"OpeningHoursSpecification","dayOfWeek":["Saturday"],"opens":"09:00","closes":"12:00"},{"@type":"OpeningHoursSpecification","dayOfWeek":["Sunday"],"opens":"00:00","closes":"00:00"}],"email":"info@mecanicacnc.com","faxNumber":"00902166887572","vatID":"6130845412"},{"@type":"Person","@id":"https:\/\/www.mecanicacnc.com\/de\/#\/schema\/person\/e7b248a6ed3a02b2d612d15afe637db7","name":"mecanica","image":{"@type":"ImageObject","inLanguage":"de","@id":"https:\/\/secure.gravatar.com\/avatar\/1ae77edb4ed4d2cf895278da1ae4ee7b3124220d2482b7d7610bda838571fd93?s=96&d=mm&r=g","url":"https:\/\/secure.gravatar.com\/avatar\/1ae77edb4ed4d2cf895278da1ae4ee7b3124220d2482b7d7610bda838571fd93?s=96&d=mm&r=g","contentUrl":"https:\/\/secure.gravatar.com\/avatar\/1ae77edb4ed4d2cf895278da1ae4ee7b3124220d2482b7d7610bda838571fd93?s=96&d=mm&r=g","caption":"mecanica"},"sameAs":["https:\/\/www.mecanicacnc.com"],"url":"https:\/\/www.mecanicacnc.com\/de\/author\/mecanica\/"},{"@type":"PostalAddress","@id":"https:\/\/www.mecanicacnc.com\/de\/privacy-policy\/#local-main-place-address","streetAddress":"adakule cevizli mah yesil sok no 4 d 87 kat 16 cevizli maltepe istanbul","addressLocality":"istanbul","postalCode":"34876","addressRegion":"marmara sea","addressCountry":"TR"},{"@type":"ImageObject","inLanguage":"de","@id":"https:\/\/www.mecanicacnc.com\/de\/privacy-policy\/#local-main-organization-logo","url":"https:\/\/www.mecanicacnc.com\/wp-content\/uploads\/2021\/06\/mecanica-logo-son.jpg","contentUrl":"https:\/\/www.mecanicacnc.com\/wp-content\/uploads\/2021\/06\/mecanica-logo-son.jpg","width":696,"height":508,"caption":"Mecanica CNC Aluminum Machinery"}]},"geo.placename":"istanbul","geo.region":"T\u00fcrkei"},"_links":{"self":[{"href":"https:\/\/www.mecanicacnc.com\/de\/wp-json\/wp\/v2\/pages\/2448","targetHints":{"allow":["GET"]}}],"collection":[{"href":"https:\/\/www.mecanicacnc.com\/de\/wp-json\/wp\/v2\/pages"}],"about":[{"href":"https:\/\/www.mecanicacnc.com\/de\/wp-json\/wp\/v2\/types\/page"}],"author":[{"embeddable":true,"href":"https:\/\/www.mecanicacnc.com\/de\/wp-json\/wp\/v2\/users\/1"}],"replies":[{"embeddable":true,"href":"https:\/\/www.mecanicacnc.com\/de\/wp-json\/wp\/v2\/comments?post=2448"}],"version-history":[{"count":1,"href":"https:\/\/www.mecanicacnc.com\/de\/wp-json\/wp\/v2\/pages\/2448\/revisions"}],"predecessor-version":[{"id":2449,"href":"https:\/\/www.mecanicacnc.com\/de\/wp-json\/wp\/v2\/pages\/2448\/revisions\/2449"}],"wp:attachment":[{"href":"https:\/\/www.mecanicacnc.com\/de\/wp-json\/wp\/v2\/media?parent=2448"}],"curies":[{"name":"wp","href":"https:\/\/api.w.org\/{rel}","templated":true}]}}