{"id":2909,"date":"2026-01-26T12:47:34","date_gmt":"2026-01-26T09:47:34","guid":{"rendered":"https:\/\/www.mecanicacnc.com\/corporate\/"},"modified":"2026-01-26T20:37:21","modified_gmt":"2026-01-26T17:37:21","slug":"corporate","status":"publish","type":"page","link":"https:\/\/www.mecanicacnc.com\/fr\/corporate\/","title":{"rendered":"SOCI\u00c9T\u00c9"},"content":{"rendered":"<h1>L&rsquo;histoire<\/h1>\n<p>Mecanica CNC a \u00e9t\u00e9 cr\u00e9\u00e9e pour offrir les machines n\u00e9cessaires \u00e0 l&rsquo;industrie de l&rsquo;aluminium. Mecanica CNC, cr\u00e9\u00e9e en 2015, a rapidement pris la t\u00eate de la production de machines d&rsquo;automatisation dans les secteurs de l&rsquo;automobile, des produits blancs et de l&rsquo;aluminium industriel et est le fournisseur direct de machines de nombreuses entreprises automobiles. <\/p>\n<h1>La mission<\/h1>\n<p>Notre mission est d&rsquo;offrir des produits de haute qualit\u00e9 \u00e0 nos clients dans le monde entier avec un bon service apr\u00e8s-vente et de faire de Mecanica CNC une marque recherch\u00e9e pour la qualit\u00e9 de ses produits et de ses services dans le monde entier.<\/p>\n<h1>La vision<\/h1>\n<p>Notre vision est de fabriquer des produits avec le maximum de machines dans tous les secteurs o\u00f9 le profil\u00e9 en aluminium est utilis\u00e9, ce qui permet de produire diff\u00e9rents produits avec une seule machine en fonction des besoins des clients ; c&rsquo;est d&rsquo;\u00eatre une entreprise leader dans l&rsquo;industrie des machines pour l&rsquo;aluminium et dans le monde entier.<\/p>\n<p>&nbsp;<\/p>\n<div id=\"attachment_2912\" style=\"width: 310px\" class=\"wp-caption alignnone\"><img loading=\"lazy\" decoding=\"async\" aria-describedby=\"caption-attachment-2912\" class=\"size-medium wp-image-1672\" src=\"https:\/\/www.mecanicacnc.com\/wp-content\/uploads\/2025\/08\/Mecanica-factory-picture-300x178.jpg\" alt=\"Photo de l'usine Mecanica\" width=\"300\" height=\"178\" srcset=\"https:\/\/www.mecanicacnc.com\/wp-content\/uploads\/2025\/08\/Mecanica-factory-picture-300x178.jpg 300w, https:\/\/www.mecanicacnc.com\/wp-content\/uploads\/2025\/08\/Mecanica-factory-picture-200x119.jpg 200w, https:\/\/www.mecanicacnc.com\/wp-content\/uploads\/2025\/08\/Mecanica-factory-picture.jpg 726w\" sizes=\"auto, (max-width: 300px) 100vw, 300px\" \/><p id=\"caption-attachment-2912\" class=\"wp-caption-text\">Photo de l&rsquo;usine Mecanica<\/p><\/div>\n","protected":false},"excerpt":{"rendered":"<p>L&rsquo;histoire Mecanica CNC a \u00e9t\u00e9 cr\u00e9\u00e9e pour offrir les machines n\u00e9cessaires \u00e0 l&rsquo;industrie de l&rsquo;aluminium. Mecanica CNC, cr\u00e9\u00e9e en 2015, a rapidement pris la t\u00eate de la production de machines d&rsquo;automatisation dans les secteurs de l&rsquo;automobile, des produits blancs et de l&rsquo;aluminium industriel et est le fournisseur direct de machines de nombreuses entreprises automobiles. La [&hellip;]<\/p>\n","protected":false},"author":1,"featured_media":144,"parent":0,"menu_order":0,"comment_status":"closed","ping_status":"closed","template":"","meta":{"_acf_changed":false,"_monsterinsights_skip_tracking":false,"_monsterinsights_sitenote_active":false,"_monsterinsights_sitenote_note":"","_monsterinsights_sitenote_category":0,"_joinchat":[],"footnotes":""},"class_list":["post-2909","page","type-page","status-publish","has-post-thumbnail","hentry"],"acf":[],"yoast_head":"<!-- This site is optimized with the Yoast SEO Premium plugin v26.8 (Yoast SEO v27.4) - https:\/\/yoast.com\/product\/yoast-seo-premium-wordpress\/ -->\n<title>SOCI\u00c9T\u00c9 - Mecanica - Al\u00fcminyum Profil Kesme ve \u0130\u015fleme Makine ve Otomasyon Teknolojileri<\/title>\n<meta name=\"description\" content=\"Aluminium Machinery for Aluminium Market, Aluminium Profile Machining Center, Double Head Cutting Machine, 4 axis CNC, 5 Axis CNC, Facade Notching Saws, Double Mitre Saws\" \/>\n<meta name=\"robots\" content=\"index, follow, max-snippet:-1, max-image-preview:large, max-video-preview:-1\" \/>\n<link rel=\"canonical\" href=\"https:\/\/www.mecanicacnc.com\/fr\/corporate\/\" \/>\n<meta property=\"og:locale\" content=\"fr_FR\" \/>\n<meta property=\"og:type\" content=\"article\" \/>\n<meta property=\"og:title\" content=\"SOCI\u00c9T\u00c9\" \/>\n<meta property=\"og:description\" content=\"Aluminum Profile Machining Center by Mecanica CNC\" \/>\n<meta property=\"og:url\" content=\"https:\/\/www.mecanicacnc.com\/fr\/corporate\/\" \/>\n<meta property=\"og:site_name\" content=\"Mecanica - Al\u00fcminyum Profil Kesme ve \u0130\u015fleme Makine ve Otomasyon Teknolojileri\" \/>\n<meta property=\"article:publisher\" content=\"https:\/\/www.facebook.com\/mecanicacncmakine\" \/>\n<meta property=\"article:modified_time\" content=\"2026-01-26T17:37:21+00:00\" \/>\n<meta property=\"og:image\" content=\"https:\/\/www.mecanicacnc.com\/wp-content\/uploads\/2020\/12\/logo-gray.png\" \/>\n\t<meta property=\"og:image:width\" content=\"270\" \/>\n\t<meta property=\"og:image:height\" content=\"270\" \/>\n\t<meta property=\"og:image:type\" content=\"image\/png\" \/>\n<meta name=\"twitter:card\" content=\"summary_large_image\" \/>\n<meta name=\"twitter:site\" content=\"@MecanicaCNC\" \/>\n<meta name=\"twitter:label1\" content=\"Dur\u00e9e de lecture estim\u00e9e\" \/>\n\t<meta name=\"twitter:data1\" content=\"1 minute\" \/>\n<script type=\"application\/ld+json\" class=\"yoast-schema-graph\">{\"@context\":\"https:\\\/\\\/schema.org\",\"@graph\":[{\"@type\":\"TechArticle\",\"@id\":\"https:\\\/\\\/www.mecanicacnc.com\\\/fr\\\/corporate\\\/#article\",\"isPartOf\":{\"@id\":\"https:\\\/\\\/www.mecanicacnc.com\\\/fr\\\/corporate\\\/\"},\"author\":{\"name\":\"mecanica\",\"@id\":\"https:\\\/\\\/www.mecanicacnc.com\\\/fr\\\/#\\\/schema\\\/person\\\/e7b248a6ed3a02b2d612d15afe637db7\"},\"headline\":\"SOCI\u00c9T\u00c9\",\"datePublished\":\"2026-01-26T09:47:34+00:00\",\"dateModified\":\"2026-01-26T17:37:21+00:00\",\"mainEntityOfPage\":{\"@id\":\"https:\\\/\\\/www.mecanicacnc.com\\\/fr\\\/corporate\\\/\"},\"wordCount\":188,\"publisher\":{\"@id\":\"https:\\\/\\\/www.mecanicacnc.com\\\/fr\\\/#organization\"},\"image\":{\"@id\":\"https:\\\/\\\/www.mecanicacnc.com\\\/fr\\\/corporate\\\/#primaryimage\"},\"thumbnailUrl\":\"https:\\\/\\\/www.mecanicacnc.com\\\/wp-content\\\/uploads\\\/2020\\\/12\\\/logo-gray.png\",\"inLanguage\":\"fr-FR\"},{\"@type\":\"WebPage\",\"@id\":\"https:\\\/\\\/www.mecanicacnc.com\\\/fr\\\/corporate\\\/\",\"url\":\"https:\\\/\\\/www.mecanicacnc.com\\\/fr\\\/corporate\\\/\",\"name\":\"SOCI\u00c9T\u00c9 - Mecanica - Al\u00fcminyum Profil Kesme ve \u0130\u015fleme Makine ve Otomasyon Teknolojileri\",\"isPartOf\":{\"@id\":\"https:\\\/\\\/www.mecanicacnc.com\\\/fr\\\/#website\"},\"primaryImageOfPage\":{\"@id\":\"https:\\\/\\\/www.mecanicacnc.com\\\/fr\\\/corporate\\\/#primaryimage\"},\"image\":{\"@id\":\"https:\\\/\\\/www.mecanicacnc.com\\\/fr\\\/corporate\\\/#primaryimage\"},\"thumbnailUrl\":\"https:\\\/\\\/www.mecanicacnc.com\\\/wp-content\\\/uploads\\\/2020\\\/12\\\/logo-gray.png\",\"datePublished\":\"2026-01-26T09:47:34+00:00\",\"dateModified\":\"2026-01-26T17:37:21+00:00\",\"description\":\"Aluminium Machinery for Aluminium Market, Aluminium Profile Machining Center, Double Head Cutting Machine, 4 axis CNC, 5 Axis CNC, Facade Notching Saws, Double Mitre Saws\",\"breadcrumb\":{\"@id\":\"https:\\\/\\\/www.mecanicacnc.com\\\/fr\\\/corporate\\\/#breadcrumb\"},\"inLanguage\":\"fr-FR\",\"potentialAction\":[{\"@type\":\"ReadAction\",\"target\":[\"https:\\\/\\\/www.mecanicacnc.com\\\/fr\\\/corporate\\\/\"]}]},{\"@type\":\"ImageObject\",\"inLanguage\":\"fr-FR\",\"@id\":\"https:\\\/\\\/www.mecanicacnc.com\\\/fr\\\/corporate\\\/#primaryimage\",\"url\":\"https:\\\/\\\/www.mecanicacnc.com\\\/wp-content\\\/uploads\\\/2020\\\/12\\\/logo-gray.png\",\"contentUrl\":\"https:\\\/\\\/www.mecanicacnc.com\\\/wp-content\\\/uploads\\\/2020\\\/12\\\/logo-gray.png\",\"width\":270,\"height\":270},{\"@type\":\"BreadcrumbList\",\"@id\":\"https:\\\/\\\/www.mecanicacnc.com\\\/fr\\\/corporate\\\/#breadcrumb\",\"itemListElement\":[{\"@type\":\"ListItem\",\"position\":1,\"name\":\"Anasayfa\",\"item\":\"https:\\\/\\\/www.mecanicacnc.com\\\/fr\\\/\"},{\"@type\":\"ListItem\",\"position\":2,\"name\":\"SOCI\u00c9T\u00c9\"}]},{\"@type\":\"WebSite\",\"@id\":\"https:\\\/\\\/www.mecanicacnc.com\\\/fr\\\/#website\",\"url\":\"https:\\\/\\\/www.mecanicacnc.com\\\/fr\\\/\",\"name\":\"Mecanica - Al\u00fcminyum Profil Kesme ve \u0130\u015fleme Makine ve Otomasyon Teknolojileri\",\"description\":\"Aluminium Profile CNC Machinery for aluminium market\",\"publisher\":{\"@id\":\"https:\\\/\\\/www.mecanicacnc.com\\\/fr\\\/#organization\"},\"alternateName\":\"Mecanica Aluminyum CNC Makineleri\",\"potentialAction\":[{\"@type\":\"SearchAction\",\"target\":{\"@type\":\"EntryPoint\",\"urlTemplate\":\"https:\\\/\\\/www.mecanicacnc.com\\\/fr\\\/?s={search_term_string}\"},\"query-input\":{\"@type\":\"PropertyValueSpecification\",\"valueRequired\":true,\"valueName\":\"search_term_string\"}}],\"inLanguage\":\"fr-FR\"},{\"@type\":[\"Organization\",\"Place\"],\"@id\":\"https:\\\/\\\/www.mecanicacnc.com\\\/fr\\\/#organization\",\"name\":\"Mecanica CNC Aluminum Machinery\",\"alternateName\":\"Mecanica CNC Aluminium Machinery\",\"url\":\"https:\\\/\\\/www.mecanicacnc.com\\\/fr\\\/\",\"logo\":{\"@id\":\"https:\\\/\\\/www.mecanicacnc.com\\\/fr\\\/corporate\\\/#local-main-organization-logo\"},\"image\":{\"@id\":\"https:\\\/\\\/www.mecanicacnc.com\\\/fr\\\/corporate\\\/#local-main-organization-logo\"},\"sameAs\":[\"https:\\\/\\\/www.facebook.com\\\/mecanicacncmakine\",\"https:\\\/\\\/x.com\\\/MecanicaCNC\",\"https:\\\/\\\/mastodon.social\\\/@mecanicacnc\",\"https:\\\/\\\/www.instagram.com\\\/mecanicacnc\\\/\",\"https:\\\/\\\/tr.pinterest.com\\\/mecanicacnc\\\/\",\"https:\\\/\\\/www.youtube.com\\\/@mecanicacncmachine\"],\"description\":\"Mecanica CNC has been established to offer the machines needed by the aluminum industry. Mecanica CNC, which was established in 2015, has taken the lead in the production of automation machines in the automotive sector, white goods sector and industrial aluminum sectors in a short time and is the direct machine supplier of many automotive companies.\",\"legalName\":\"Mecanica CNC Makine Servis LTD STI\",\"foundingDate\":\"2015-01-01\",\"numberOfEmployees\":{\"@type\":\"QuantitativeValue\",\"minValue\":\"11\",\"maxValue\":\"50\"},\"publishingPrinciples\":\"https:\\\/\\\/www.mecanicacnc.com\\\/corporate\\\/\",\"ownershipFundingInfo\":\"https:\\\/\\\/www.mecanicacnc.com\\\/contact-detail\\\/\",\"actionableFeedbackPolicy\":\"https:\\\/\\\/www.mecanicacnc.com\\\/contact-form\\\/\",\"correctionsPolicy\":\"https:\\\/\\\/www.mecanicacnc.com\\\/contact-form\\\/\",\"ethicsPolicy\":\"https:\\\/\\\/www.mecanicacnc.com\\\/contact-form\\\/\",\"diversityPolicy\":\"https:\\\/\\\/www.mecanicacnc.com\\\/contact-detail\\\/\",\"diversityStaffingReport\":\"https:\\\/\\\/www.mecanicacnc.com\\\/contact-detail\\\/\",\"address\":{\"@id\":\"https:\\\/\\\/www.mecanicacnc.com\\\/fr\\\/corporate\\\/#local-main-place-address\"},\"telephone\":[\"00902166887574\",\"00905307742130\"],\"contactPoint\":{\"@type\":\"ContactPoint\",\"telephone\":\"00905307742130\",\"email\":\"osman@mecanicacnc.com\"},\"openingHoursSpecification\":[{\"@type\":\"OpeningHoursSpecification\",\"dayOfWeek\":[\"Monday\",\"Tuesday\",\"Wednesday\",\"Thursday\",\"Friday\"],\"opens\":\"09:00\",\"closes\":\"18:00\"},{\"@type\":\"OpeningHoursSpecification\",\"dayOfWeek\":[\"Saturday\"],\"opens\":\"09:00\",\"closes\":\"12:00\"},{\"@type\":\"OpeningHoursSpecification\",\"dayOfWeek\":[\"Sunday\"],\"opens\":\"00:00\",\"closes\":\"00:00\"}],\"email\":\"info@mecanicacnc.com\",\"faxNumber\":\"00902166887572\",\"vatID\":\"6130845412\"},{\"@type\":\"Person\",\"@id\":\"https:\\\/\\\/www.mecanicacnc.com\\\/fr\\\/#\\\/schema\\\/person\\\/e7b248a6ed3a02b2d612d15afe637db7\",\"name\":\"mecanica\",\"image\":{\"@type\":\"ImageObject\",\"inLanguage\":\"fr-FR\",\"@id\":\"https:\\\/\\\/secure.gravatar.com\\\/avatar\\\/1ae77edb4ed4d2cf895278da1ae4ee7b3124220d2482b7d7610bda838571fd93?s=96&d=mm&r=g\",\"url\":\"https:\\\/\\\/secure.gravatar.com\\\/avatar\\\/1ae77edb4ed4d2cf895278da1ae4ee7b3124220d2482b7d7610bda838571fd93?s=96&d=mm&r=g\",\"contentUrl\":\"https:\\\/\\\/secure.gravatar.com\\\/avatar\\\/1ae77edb4ed4d2cf895278da1ae4ee7b3124220d2482b7d7610bda838571fd93?s=96&d=mm&r=g\",\"caption\":\"mecanica\"},\"sameAs\":[\"https:\\\/\\\/www.mecanicacnc.com\"],\"url\":\"https:\\\/\\\/www.mecanicacnc.com\\\/fr\\\/author\\\/mecanica\\\/\"},{\"@type\":\"PostalAddress\",\"@id\":\"https:\\\/\\\/www.mecanicacnc.com\\\/fr\\\/corporate\\\/#local-main-place-address\",\"streetAddress\":\"adakule cevizli mah yesil sok no 4 d 87 kat 16 cevizli maltepe istanbul\",\"addressLocality\":\"istanbul\",\"postalCode\":\"34876\",\"addressRegion\":\"marmara sea\",\"addressCountry\":\"TR\"},{\"@type\":\"ImageObject\",\"inLanguage\":\"fr-FR\",\"@id\":\"https:\\\/\\\/www.mecanicacnc.com\\\/fr\\\/corporate\\\/#local-main-organization-logo\",\"url\":\"https:\\\/\\\/www.mecanicacnc.com\\\/wp-content\\\/uploads\\\/2021\\\/06\\\/mecanica-logo-son.jpg\",\"contentUrl\":\"https:\\\/\\\/www.mecanicacnc.com\\\/wp-content\\\/uploads\\\/2021\\\/06\\\/mecanica-logo-son.jpg\",\"width\":696,\"height\":508,\"caption\":\"Mecanica CNC Aluminum Machinery\"}]}<\/script>\n<meta name=\"geo.placename\" content=\"istanbul\" \/>\n<meta name=\"geo.region\" content=\"Turquie\" \/>\n<!-- \/ Yoast SEO Premium plugin. -->","yoast_head_json":{"title":"SOCI\u00c9T\u00c9 - Mecanica - Al\u00fcminyum Profil Kesme ve \u0130\u015fleme Makine ve Otomasyon Teknolojileri","description":"Aluminium Machinery for Aluminium Market, Aluminium Profile Machining Center, Double Head Cutting Machine, 4 axis CNC, 5 Axis CNC, Facade Notching Saws, Double Mitre Saws","robots":{"index":"index","follow":"follow","max-snippet":"max-snippet:-1","max-image-preview":"max-image-preview:large","max-video-preview":"max-video-preview:-1"},"canonical":"https:\/\/www.mecanicacnc.com\/fr\/corporate\/","og_locale":"fr_FR","og_type":"article","og_title":"SOCI\u00c9T\u00c9","og_description":"Aluminum Profile Machining Center by Mecanica CNC","og_url":"https:\/\/www.mecanicacnc.com\/fr\/corporate\/","og_site_name":"Mecanica - Al\u00fcminyum Profil Kesme ve \u0130\u015fleme Makine ve Otomasyon Teknolojileri","article_publisher":"https:\/\/www.facebook.com\/mecanicacncmakine","article_modified_time":"2026-01-26T17:37:21+00:00","og_image":[{"width":270,"height":270,"url":"https:\/\/www.mecanicacnc.com\/wp-content\/uploads\/2020\/12\/logo-gray.png","type":"image\/png"}],"twitter_card":"summary_large_image","twitter_site":"@MecanicaCNC","twitter_misc":{"Dur\u00e9e de lecture estim\u00e9e":"1 minute"},"schema":{"@context":"https:\/\/schema.org","@graph":[{"@type":"TechArticle","@id":"https:\/\/www.mecanicacnc.com\/fr\/corporate\/#article","isPartOf":{"@id":"https:\/\/www.mecanicacnc.com\/fr\/corporate\/"},"author":{"name":"mecanica","@id":"https:\/\/www.mecanicacnc.com\/fr\/#\/schema\/person\/e7b248a6ed3a02b2d612d15afe637db7"},"headline":"SOCI\u00c9T\u00c9","datePublished":"2026-01-26T09:47:34+00:00","dateModified":"2026-01-26T17:37:21+00:00","mainEntityOfPage":{"@id":"https:\/\/www.mecanicacnc.com\/fr\/corporate\/"},"wordCount":188,"publisher":{"@id":"https:\/\/www.mecanicacnc.com\/fr\/#organization"},"image":{"@id":"https:\/\/www.mecanicacnc.com\/fr\/corporate\/#primaryimage"},"thumbnailUrl":"https:\/\/www.mecanicacnc.com\/wp-content\/uploads\/2020\/12\/logo-gray.png","inLanguage":"fr-FR"},{"@type":"WebPage","@id":"https:\/\/www.mecanicacnc.com\/fr\/corporate\/","url":"https:\/\/www.mecanicacnc.com\/fr\/corporate\/","name":"SOCI\u00c9T\u00c9 - Mecanica - Al\u00fcminyum Profil Kesme ve \u0130\u015fleme Makine ve Otomasyon Teknolojileri","isPartOf":{"@id":"https:\/\/www.mecanicacnc.com\/fr\/#website"},"primaryImageOfPage":{"@id":"https:\/\/www.mecanicacnc.com\/fr\/corporate\/#primaryimage"},"image":{"@id":"https:\/\/www.mecanicacnc.com\/fr\/corporate\/#primaryimage"},"thumbnailUrl":"https:\/\/www.mecanicacnc.com\/wp-content\/uploads\/2020\/12\/logo-gray.png","datePublished":"2026-01-26T09:47:34+00:00","dateModified":"2026-01-26T17:37:21+00:00","description":"Aluminium Machinery for Aluminium Market, Aluminium Profile Machining Center, Double Head Cutting Machine, 4 axis CNC, 5 Axis CNC, Facade Notching Saws, Double Mitre Saws","breadcrumb":{"@id":"https:\/\/www.mecanicacnc.com\/fr\/corporate\/#breadcrumb"},"inLanguage":"fr-FR","potentialAction":[{"@type":"ReadAction","target":["https:\/\/www.mecanicacnc.com\/fr\/corporate\/"]}]},{"@type":"ImageObject","inLanguage":"fr-FR","@id":"https:\/\/www.mecanicacnc.com\/fr\/corporate\/#primaryimage","url":"https:\/\/www.mecanicacnc.com\/wp-content\/uploads\/2020\/12\/logo-gray.png","contentUrl":"https:\/\/www.mecanicacnc.com\/wp-content\/uploads\/2020\/12\/logo-gray.png","width":270,"height":270},{"@type":"BreadcrumbList","@id":"https:\/\/www.mecanicacnc.com\/fr\/corporate\/#breadcrumb","itemListElement":[{"@type":"ListItem","position":1,"name":"Anasayfa","item":"https:\/\/www.mecanicacnc.com\/fr\/"},{"@type":"ListItem","position":2,"name":"SOCI\u00c9T\u00c9"}]},{"@type":"WebSite","@id":"https:\/\/www.mecanicacnc.com\/fr\/#website","url":"https:\/\/www.mecanicacnc.com\/fr\/","name":"Mecanica - Al\u00fcminyum Profil Kesme ve \u0130\u015fleme Makine ve Otomasyon Teknolojileri","description":"Aluminium Profile CNC Machinery for aluminium market","publisher":{"@id":"https:\/\/www.mecanicacnc.com\/fr\/#organization"},"alternateName":"Mecanica Aluminyum CNC Makineleri","potentialAction":[{"@type":"SearchAction","target":{"@type":"EntryPoint","urlTemplate":"https:\/\/www.mecanicacnc.com\/fr\/?s={search_term_string}"},"query-input":{"@type":"PropertyValueSpecification","valueRequired":true,"valueName":"search_term_string"}}],"inLanguage":"fr-FR"},{"@type":["Organization","Place"],"@id":"https:\/\/www.mecanicacnc.com\/fr\/#organization","name":"Mecanica CNC Aluminum Machinery","alternateName":"Mecanica CNC Aluminium Machinery","url":"https:\/\/www.mecanicacnc.com\/fr\/","logo":{"@id":"https:\/\/www.mecanicacnc.com\/fr\/corporate\/#local-main-organization-logo"},"image":{"@id":"https:\/\/www.mecanicacnc.com\/fr\/corporate\/#local-main-organization-logo"},"sameAs":["https:\/\/www.facebook.com\/mecanicacncmakine","https:\/\/x.com\/MecanicaCNC","https:\/\/mastodon.social\/@mecanicacnc","https:\/\/www.instagram.com\/mecanicacnc\/","https:\/\/tr.pinterest.com\/mecanicacnc\/","https:\/\/www.youtube.com\/@mecanicacncmachine"],"description":"Mecanica CNC has been established to offer the machines needed by the aluminum industry. Mecanica CNC, which was established in 2015, has taken the lead in the production of automation machines in the automotive sector, white goods sector and industrial aluminum sectors in a short time and is the direct machine supplier of many automotive companies.","legalName":"Mecanica CNC Makine Servis LTD STI","foundingDate":"2015-01-01","numberOfEmployees":{"@type":"QuantitativeValue","minValue":"11","maxValue":"50"},"publishingPrinciples":"https:\/\/www.mecanicacnc.com\/corporate\/","ownershipFundingInfo":"https:\/\/www.mecanicacnc.com\/contact-detail\/","actionableFeedbackPolicy":"https:\/\/www.mecanicacnc.com\/contact-form\/","correctionsPolicy":"https:\/\/www.mecanicacnc.com\/contact-form\/","ethicsPolicy":"https:\/\/www.mecanicacnc.com\/contact-form\/","diversityPolicy":"https:\/\/www.mecanicacnc.com\/contact-detail\/","diversityStaffingReport":"https:\/\/www.mecanicacnc.com\/contact-detail\/","address":{"@id":"https:\/\/www.mecanicacnc.com\/fr\/corporate\/#local-main-place-address"},"telephone":["00902166887574","00905307742130"],"contactPoint":{"@type":"ContactPoint","telephone":"00905307742130","email":"osman@mecanicacnc.com"},"openingHoursSpecification":[{"@type":"OpeningHoursSpecification","dayOfWeek":["Monday","Tuesday","Wednesday","Thursday","Friday"],"opens":"09:00","closes":"18:00"},{"@type":"OpeningHoursSpecification","dayOfWeek":["Saturday"],"opens":"09:00","closes":"12:00"},{"@type":"OpeningHoursSpecification","dayOfWeek":["Sunday"],"opens":"00:00","closes":"00:00"}],"email":"info@mecanicacnc.com","faxNumber":"00902166887572","vatID":"6130845412"},{"@type":"Person","@id":"https:\/\/www.mecanicacnc.com\/fr\/#\/schema\/person\/e7b248a6ed3a02b2d612d15afe637db7","name":"mecanica","image":{"@type":"ImageObject","inLanguage":"fr-FR","@id":"https:\/\/secure.gravatar.com\/avatar\/1ae77edb4ed4d2cf895278da1ae4ee7b3124220d2482b7d7610bda838571fd93?s=96&d=mm&r=g","url":"https:\/\/secure.gravatar.com\/avatar\/1ae77edb4ed4d2cf895278da1ae4ee7b3124220d2482b7d7610bda838571fd93?s=96&d=mm&r=g","contentUrl":"https:\/\/secure.gravatar.com\/avatar\/1ae77edb4ed4d2cf895278da1ae4ee7b3124220d2482b7d7610bda838571fd93?s=96&d=mm&r=g","caption":"mecanica"},"sameAs":["https:\/\/www.mecanicacnc.com"],"url":"https:\/\/www.mecanicacnc.com\/fr\/author\/mecanica\/"},{"@type":"PostalAddress","@id":"https:\/\/www.mecanicacnc.com\/fr\/corporate\/#local-main-place-address","streetAddress":"adakule cevizli mah yesil sok no 4 d 87 kat 16 cevizli maltepe istanbul","addressLocality":"istanbul","postalCode":"34876","addressRegion":"marmara sea","addressCountry":"TR"},{"@type":"ImageObject","inLanguage":"fr-FR","@id":"https:\/\/www.mecanicacnc.com\/fr\/corporate\/#local-main-organization-logo","url":"https:\/\/www.mecanicacnc.com\/wp-content\/uploads\/2021\/06\/mecanica-logo-son.jpg","contentUrl":"https:\/\/www.mecanicacnc.com\/wp-content\/uploads\/2021\/06\/mecanica-logo-son.jpg","width":696,"height":508,"caption":"Mecanica CNC Aluminum Machinery"}]},"geo.placename":"istanbul","geo.region":"Turquie"},"_links":{"self":[{"href":"https:\/\/www.mecanicacnc.com\/fr\/wp-json\/wp\/v2\/pages\/2909","targetHints":{"allow":["GET"]}}],"collection":[{"href":"https:\/\/www.mecanicacnc.com\/fr\/wp-json\/wp\/v2\/pages"}],"about":[{"href":"https:\/\/www.mecanicacnc.com\/fr\/wp-json\/wp\/v2\/types\/page"}],"author":[{"embeddable":true,"href":"https:\/\/www.mecanicacnc.com\/fr\/wp-json\/wp\/v2\/users\/1"}],"replies":[{"embeddable":true,"href":"https:\/\/www.mecanicacnc.com\/fr\/wp-json\/wp\/v2\/comments?post=2909"}],"version-history":[{"count":1,"href":"https:\/\/www.mecanicacnc.com\/fr\/wp-json\/wp\/v2\/pages\/2909\/revisions"}],"predecessor-version":[{"id":3028,"href":"https:\/\/www.mecanicacnc.com\/fr\/wp-json\/wp\/v2\/pages\/2909\/revisions\/3028"}],"wp:featuredmedia":[{"embeddable":true,"href":"https:\/\/www.mecanicacnc.com\/fr\/wp-json\/wp\/v2\/media\/144"}],"wp:attachment":[{"href":"https:\/\/www.mecanicacnc.com\/fr\/wp-json\/wp\/v2\/media?parent=2909"}],"curies":[{"name":"wp","href":"https:\/\/api.w.org\/{rel}","templated":true}]}}