{"id":2944,"date":"2026-01-26T12:48:48","date_gmt":"2026-01-26T09:48:48","guid":{"rendered":"https:\/\/www.mecanicacnc.com\/technical-service\/"},"modified":"2026-01-26T20:37:17","modified_gmt":"2026-01-26T17:37:17","slug":"technical-service","status":"publish","type":"page","link":"https:\/\/www.mecanicacnc.com\/fr\/technical-service\/","title":{"rendered":"SERVICE TECHNIQUE"},"content":{"rendered":"<p><strong>Service technique<\/strong><\/p>\n<p>Mecanica CNC &#8211; Le d\u00e9partement du service technique offre une assistance privil\u00e9gi\u00e9e \u00e0 diff\u00e9rents groupes de clients en Turquie, en Asie centrale, dans les Balkans, au Moyen-Orient et au Proche-Orient, avec une approche professionnelle. Notre \u00e9quipe du service technique suit l&rsquo;\u00e9volution de la technologie et propose des formations techniques p\u00e9riodiques \u00e0 nos clients. <\/p>\n<p>Pour l&rsquo;installation de machines, le signalement de pannes et autres demandes de service similaires, vous pouvez nous contacter \u00e0 partir des pages \u00ab\u00a0Contact\u00a0\u00bb :<\/p>\n<p><a href=\"http:\/\/www.mecanicacnc.com\/en\/contact-detail\/\">Informations sur le contact<\/a><\/p>\n<p><a href=\"http:\/\/www.mecanicacnc.com\/en\/contact-form\/\">Formulaire de contact<\/a><\/p>\n","protected":false},"excerpt":{"rendered":"<p>Service technique Mecanica CNC &#8211; Le d\u00e9partement du service technique offre une assistance privil\u00e9gi\u00e9e \u00e0 diff\u00e9rents groupes de clients en Turquie, en Asie centrale, dans les Balkans, au Moyen-Orient et au Proche-Orient, avec une approche professionnelle. Notre \u00e9quipe du service technique suit l&rsquo;\u00e9volution de la technologie et propose des formations techniques p\u00e9riodiques \u00e0 nos clients. [&hellip;]<\/p>\n","protected":false},"author":1,"featured_media":154,"parent":0,"menu_order":0,"comment_status":"closed","ping_status":"closed","template":"","meta":{"_acf_changed":false,"_monsterinsights_skip_tracking":false,"_monsterinsights_sitenote_active":false,"_monsterinsights_sitenote_note":"","_monsterinsights_sitenote_category":0,"_joinchat":[],"footnotes":""},"class_list":["post-2944","page","type-page","status-publish","has-post-thumbnail","hentry"],"acf":[],"yoast_head":"<!-- This site is optimized with the Yoast SEO Premium plugin v26.8 (Yoast SEO v27.4) - https:\/\/yoast.com\/product\/yoast-seo-premium-wordpress\/ -->\n<title>SERVICE TECHNIQUE - Mecanica - Al\u00fcminyum Profil Kesme ve \u0130\u015fleme Makine ve Otomasyon Teknolojileri<\/title>\n<meta name=\"description\" content=\"Aluminium Machinery for Aluminium Market, Aluminium Profile Machining Center, Double Head Cutting Machine, 4 axis CNC, 5 Axis CNC, Facade Notching Saws, Double Mitre Saws\" \/>\n<meta name=\"robots\" content=\"index, follow, max-snippet:-1, max-image-preview:large, max-video-preview:-1\" \/>\n<link rel=\"canonical\" href=\"https:\/\/www.mecanicacnc.com\/fr\/technical-service\/\" \/>\n<meta property=\"og:locale\" content=\"fr_FR\" \/>\n<meta property=\"og:type\" content=\"article\" \/>\n<meta property=\"og:title\" content=\"SERVICE TECHNIQUE\" \/>\n<meta property=\"og:description\" content=\"Aluminum Profile Machining Center by Mecanica CNC\" \/>\n<meta property=\"og:url\" content=\"https:\/\/www.mecanicacnc.com\/fr\/technical-service\/\" \/>\n<meta property=\"og:site_name\" content=\"Mecanica - Al\u00fcminyum Profil Kesme ve \u0130\u015fleme Makine ve Otomasyon Teknolojileri\" \/>\n<meta property=\"article:publisher\" content=\"https:\/\/www.facebook.com\/mecanicacncmakine\" \/>\n<meta property=\"article:modified_time\" content=\"2026-01-26T17:37:17+00:00\" \/>\n<meta property=\"og:image\" content=\"https:\/\/www.mecanicacnc.com\/wp-content\/uploads\/2020\/12\/21.png\" \/>\n\t<meta property=\"og:image:width\" content=\"200\" \/>\n\t<meta property=\"og:image:height\" content=\"200\" \/>\n\t<meta property=\"og:image:type\" content=\"image\/png\" \/>\n<meta name=\"twitter:card\" content=\"summary_large_image\" \/>\n<meta name=\"twitter:site\" content=\"@MecanicaCNC\" \/>\n<script type=\"application\/ld+json\" class=\"yoast-schema-graph\">{\"@context\":\"https:\\\/\\\/schema.org\",\"@graph\":[{\"@type\":\"TechArticle\",\"@id\":\"https:\\\/\\\/www.mecanicacnc.com\\\/fr\\\/technical-service\\\/#article\",\"isPartOf\":{\"@id\":\"https:\\\/\\\/www.mecanicacnc.com\\\/fr\\\/technical-service\\\/\"},\"author\":{\"name\":\"mecanica\",\"@id\":\"https:\\\/\\\/www.mecanicacnc.com\\\/fr\\\/#\\\/schema\\\/person\\\/e7b248a6ed3a02b2d612d15afe637db7\"},\"headline\":\"SERVICE TECHNIQUE\",\"datePublished\":\"2026-01-26T09:48:48+00:00\",\"dateModified\":\"2026-01-26T17:37:17+00:00\",\"mainEntityOfPage\":{\"@id\":\"https:\\\/\\\/www.mecanicacnc.com\\\/fr\\\/technical-service\\\/\"},\"wordCount\":91,\"publisher\":{\"@id\":\"https:\\\/\\\/www.mecanicacnc.com\\\/fr\\\/#organization\"},\"image\":{\"@id\":\"https:\\\/\\\/www.mecanicacnc.com\\\/fr\\\/technical-service\\\/#primaryimage\"},\"thumbnailUrl\":\"https:\\\/\\\/www.mecanicacnc.com\\\/wp-content\\\/uploads\\\/2020\\\/12\\\/21.png\",\"inLanguage\":\"fr-FR\"},{\"@type\":\"WebPage\",\"@id\":\"https:\\\/\\\/www.mecanicacnc.com\\\/fr\\\/technical-service\\\/\",\"url\":\"https:\\\/\\\/www.mecanicacnc.com\\\/fr\\\/technical-service\\\/\",\"name\":\"SERVICE TECHNIQUE - Mecanica - Al\u00fcminyum Profil Kesme ve \u0130\u015fleme Makine ve Otomasyon Teknolojileri\",\"isPartOf\":{\"@id\":\"https:\\\/\\\/www.mecanicacnc.com\\\/fr\\\/#website\"},\"primaryImageOfPage\":{\"@id\":\"https:\\\/\\\/www.mecanicacnc.com\\\/fr\\\/technical-service\\\/#primaryimage\"},\"image\":{\"@id\":\"https:\\\/\\\/www.mecanicacnc.com\\\/fr\\\/technical-service\\\/#primaryimage\"},\"thumbnailUrl\":\"https:\\\/\\\/www.mecanicacnc.com\\\/wp-content\\\/uploads\\\/2020\\\/12\\\/21.png\",\"datePublished\":\"2026-01-26T09:48:48+00:00\",\"dateModified\":\"2026-01-26T17:37:17+00:00\",\"description\":\"Aluminium Machinery for Aluminium Market, Aluminium Profile Machining Center, Double Head Cutting Machine, 4 axis CNC, 5 Axis CNC, Facade Notching Saws, Double Mitre Saws\",\"breadcrumb\":{\"@id\":\"https:\\\/\\\/www.mecanicacnc.com\\\/fr\\\/technical-service\\\/#breadcrumb\"},\"inLanguage\":\"fr-FR\",\"potentialAction\":[{\"@type\":\"ReadAction\",\"target\":[\"https:\\\/\\\/www.mecanicacnc.com\\\/fr\\\/technical-service\\\/\"]}]},{\"@type\":\"ImageObject\",\"inLanguage\":\"fr-FR\",\"@id\":\"https:\\\/\\\/www.mecanicacnc.com\\\/fr\\\/technical-service\\\/#primaryimage\",\"url\":\"https:\\\/\\\/www.mecanicacnc.com\\\/wp-content\\\/uploads\\\/2020\\\/12\\\/21.png\",\"contentUrl\":\"https:\\\/\\\/www.mecanicacnc.com\\\/wp-content\\\/uploads\\\/2020\\\/12\\\/21.png\",\"width\":200,\"height\":200},{\"@type\":\"BreadcrumbList\",\"@id\":\"https:\\\/\\\/www.mecanicacnc.com\\\/fr\\\/technical-service\\\/#breadcrumb\",\"itemListElement\":[{\"@type\":\"ListItem\",\"position\":1,\"name\":\"Anasayfa\",\"item\":\"https:\\\/\\\/www.mecanicacnc.com\\\/fr\\\/\"},{\"@type\":\"ListItem\",\"position\":2,\"name\":\"SERVICE TECHNIQUE\"}]},{\"@type\":\"WebSite\",\"@id\":\"https:\\\/\\\/www.mecanicacnc.com\\\/fr\\\/#website\",\"url\":\"https:\\\/\\\/www.mecanicacnc.com\\\/fr\\\/\",\"name\":\"Mecanica - Al\u00fcminyum Profil Kesme ve \u0130\u015fleme Makine ve Otomasyon Teknolojileri\",\"description\":\"Aluminium Profile CNC Machinery for aluminium market\",\"publisher\":{\"@id\":\"https:\\\/\\\/www.mecanicacnc.com\\\/fr\\\/#organization\"},\"alternateName\":\"Mecanica Aluminyum CNC Makineleri\",\"potentialAction\":[{\"@type\":\"SearchAction\",\"target\":{\"@type\":\"EntryPoint\",\"urlTemplate\":\"https:\\\/\\\/www.mecanicacnc.com\\\/fr\\\/?s={search_term_string}\"},\"query-input\":{\"@type\":\"PropertyValueSpecification\",\"valueRequired\":true,\"valueName\":\"search_term_string\"}}],\"inLanguage\":\"fr-FR\"},{\"@type\":[\"Organization\",\"Place\"],\"@id\":\"https:\\\/\\\/www.mecanicacnc.com\\\/fr\\\/#organization\",\"name\":\"Mecanica CNC Aluminum Machinery\",\"alternateName\":\"Mecanica CNC Aluminium Machinery\",\"url\":\"https:\\\/\\\/www.mecanicacnc.com\\\/fr\\\/\",\"logo\":{\"@id\":\"https:\\\/\\\/www.mecanicacnc.com\\\/fr\\\/technical-service\\\/#local-main-organization-logo\"},\"image\":{\"@id\":\"https:\\\/\\\/www.mecanicacnc.com\\\/fr\\\/technical-service\\\/#local-main-organization-logo\"},\"sameAs\":[\"https:\\\/\\\/www.facebook.com\\\/mecanicacncmakine\",\"https:\\\/\\\/x.com\\\/MecanicaCNC\",\"https:\\\/\\\/mastodon.social\\\/@mecanicacnc\",\"https:\\\/\\\/www.instagram.com\\\/mecanicacnc\\\/\",\"https:\\\/\\\/tr.pinterest.com\\\/mecanicacnc\\\/\",\"https:\\\/\\\/www.youtube.com\\\/@mecanicacncmachine\"],\"description\":\"Mecanica CNC has been established to offer the machines needed by the aluminum industry. Mecanica CNC, which was established in 2015, has taken the lead in the production of automation machines in the automotive sector, white goods sector and industrial aluminum sectors in a short time and is the direct machine supplier of many automotive companies.\",\"legalName\":\"Mecanica CNC Makine Servis LTD STI\",\"foundingDate\":\"2015-01-01\",\"numberOfEmployees\":{\"@type\":\"QuantitativeValue\",\"minValue\":\"11\",\"maxValue\":\"50\"},\"publishingPrinciples\":\"https:\\\/\\\/www.mecanicacnc.com\\\/corporate\\\/\",\"ownershipFundingInfo\":\"https:\\\/\\\/www.mecanicacnc.com\\\/contact-detail\\\/\",\"actionableFeedbackPolicy\":\"https:\\\/\\\/www.mecanicacnc.com\\\/contact-form\\\/\",\"correctionsPolicy\":\"https:\\\/\\\/www.mecanicacnc.com\\\/contact-form\\\/\",\"ethicsPolicy\":\"https:\\\/\\\/www.mecanicacnc.com\\\/contact-form\\\/\",\"diversityPolicy\":\"https:\\\/\\\/www.mecanicacnc.com\\\/contact-detail\\\/\",\"diversityStaffingReport\":\"https:\\\/\\\/www.mecanicacnc.com\\\/contact-detail\\\/\",\"address\":{\"@id\":\"https:\\\/\\\/www.mecanicacnc.com\\\/fr\\\/technical-service\\\/#local-main-place-address\"},\"telephone\":[\"00902166887574\",\"00905307742130\"],\"contactPoint\":{\"@type\":\"ContactPoint\",\"telephone\":\"00905307742130\",\"email\":\"osman@mecanicacnc.com\"},\"openingHoursSpecification\":[{\"@type\":\"OpeningHoursSpecification\",\"dayOfWeek\":[\"Monday\",\"Tuesday\",\"Wednesday\",\"Thursday\",\"Friday\"],\"opens\":\"09:00\",\"closes\":\"18:00\"},{\"@type\":\"OpeningHoursSpecification\",\"dayOfWeek\":[\"Saturday\"],\"opens\":\"09:00\",\"closes\":\"12:00\"},{\"@type\":\"OpeningHoursSpecification\",\"dayOfWeek\":[\"Sunday\"],\"opens\":\"00:00\",\"closes\":\"00:00\"}],\"email\":\"info@mecanicacnc.com\",\"faxNumber\":\"00902166887572\",\"vatID\":\"6130845412\"},{\"@type\":\"Person\",\"@id\":\"https:\\\/\\\/www.mecanicacnc.com\\\/fr\\\/#\\\/schema\\\/person\\\/e7b248a6ed3a02b2d612d15afe637db7\",\"name\":\"mecanica\",\"image\":{\"@type\":\"ImageObject\",\"inLanguage\":\"fr-FR\",\"@id\":\"https:\\\/\\\/secure.gravatar.com\\\/avatar\\\/1ae77edb4ed4d2cf895278da1ae4ee7b3124220d2482b7d7610bda838571fd93?s=96&d=mm&r=g\",\"url\":\"https:\\\/\\\/secure.gravatar.com\\\/avatar\\\/1ae77edb4ed4d2cf895278da1ae4ee7b3124220d2482b7d7610bda838571fd93?s=96&d=mm&r=g\",\"contentUrl\":\"https:\\\/\\\/secure.gravatar.com\\\/avatar\\\/1ae77edb4ed4d2cf895278da1ae4ee7b3124220d2482b7d7610bda838571fd93?s=96&d=mm&r=g\",\"caption\":\"mecanica\"},\"sameAs\":[\"https:\\\/\\\/www.mecanicacnc.com\"],\"url\":\"https:\\\/\\\/www.mecanicacnc.com\\\/fr\\\/author\\\/mecanica\\\/\"},{\"@type\":\"PostalAddress\",\"@id\":\"https:\\\/\\\/www.mecanicacnc.com\\\/fr\\\/technical-service\\\/#local-main-place-address\",\"streetAddress\":\"adakule cevizli mah yesil sok no 4 d 87 kat 16 cevizli maltepe istanbul\",\"addressLocality\":\"istanbul\",\"postalCode\":\"34876\",\"addressRegion\":\"marmara sea\",\"addressCountry\":\"TR\"},{\"@type\":\"ImageObject\",\"inLanguage\":\"fr-FR\",\"@id\":\"https:\\\/\\\/www.mecanicacnc.com\\\/fr\\\/technical-service\\\/#local-main-organization-logo\",\"url\":\"https:\\\/\\\/www.mecanicacnc.com\\\/wp-content\\\/uploads\\\/2021\\\/06\\\/mecanica-logo-son.jpg\",\"contentUrl\":\"https:\\\/\\\/www.mecanicacnc.com\\\/wp-content\\\/uploads\\\/2021\\\/06\\\/mecanica-logo-son.jpg\",\"width\":696,\"height\":508,\"caption\":\"Mecanica CNC Aluminum Machinery\"}]}<\/script>\n<meta name=\"geo.placename\" content=\"istanbul\" \/>\n<meta name=\"geo.region\" content=\"Turquie\" \/>\n<!-- \/ Yoast SEO Premium plugin. -->","yoast_head_json":{"title":"SERVICE TECHNIQUE - Mecanica - Al\u00fcminyum Profil Kesme ve \u0130\u015fleme Makine ve Otomasyon Teknolojileri","description":"Aluminium Machinery for Aluminium Market, Aluminium Profile Machining Center, Double Head Cutting Machine, 4 axis CNC, 5 Axis CNC, Facade Notching Saws, Double Mitre Saws","robots":{"index":"index","follow":"follow","max-snippet":"max-snippet:-1","max-image-preview":"max-image-preview:large","max-video-preview":"max-video-preview:-1"},"canonical":"https:\/\/www.mecanicacnc.com\/fr\/technical-service\/","og_locale":"fr_FR","og_type":"article","og_title":"SERVICE TECHNIQUE","og_description":"Aluminum Profile Machining Center by Mecanica CNC","og_url":"https:\/\/www.mecanicacnc.com\/fr\/technical-service\/","og_site_name":"Mecanica - Al\u00fcminyum Profil Kesme ve \u0130\u015fleme Makine ve Otomasyon Teknolojileri","article_publisher":"https:\/\/www.facebook.com\/mecanicacncmakine","article_modified_time":"2026-01-26T17:37:17+00:00","og_image":[{"width":200,"height":200,"url":"https:\/\/www.mecanicacnc.com\/wp-content\/uploads\/2020\/12\/21.png","type":"image\/png"}],"twitter_card":"summary_large_image","twitter_site":"@MecanicaCNC","schema":{"@context":"https:\/\/schema.org","@graph":[{"@type":"TechArticle","@id":"https:\/\/www.mecanicacnc.com\/fr\/technical-service\/#article","isPartOf":{"@id":"https:\/\/www.mecanicacnc.com\/fr\/technical-service\/"},"author":{"name":"mecanica","@id":"https:\/\/www.mecanicacnc.com\/fr\/#\/schema\/person\/e7b248a6ed3a02b2d612d15afe637db7"},"headline":"SERVICE TECHNIQUE","datePublished":"2026-01-26T09:48:48+00:00","dateModified":"2026-01-26T17:37:17+00:00","mainEntityOfPage":{"@id":"https:\/\/www.mecanicacnc.com\/fr\/technical-service\/"},"wordCount":91,"publisher":{"@id":"https:\/\/www.mecanicacnc.com\/fr\/#organization"},"image":{"@id":"https:\/\/www.mecanicacnc.com\/fr\/technical-service\/#primaryimage"},"thumbnailUrl":"https:\/\/www.mecanicacnc.com\/wp-content\/uploads\/2020\/12\/21.png","inLanguage":"fr-FR"},{"@type":"WebPage","@id":"https:\/\/www.mecanicacnc.com\/fr\/technical-service\/","url":"https:\/\/www.mecanicacnc.com\/fr\/technical-service\/","name":"SERVICE TECHNIQUE - Mecanica - Al\u00fcminyum Profil Kesme ve \u0130\u015fleme Makine ve Otomasyon Teknolojileri","isPartOf":{"@id":"https:\/\/www.mecanicacnc.com\/fr\/#website"},"primaryImageOfPage":{"@id":"https:\/\/www.mecanicacnc.com\/fr\/technical-service\/#primaryimage"},"image":{"@id":"https:\/\/www.mecanicacnc.com\/fr\/technical-service\/#primaryimage"},"thumbnailUrl":"https:\/\/www.mecanicacnc.com\/wp-content\/uploads\/2020\/12\/21.png","datePublished":"2026-01-26T09:48:48+00:00","dateModified":"2026-01-26T17:37:17+00:00","description":"Aluminium Machinery for Aluminium Market, Aluminium Profile Machining Center, Double Head Cutting Machine, 4 axis CNC, 5 Axis CNC, Facade Notching Saws, Double Mitre Saws","breadcrumb":{"@id":"https:\/\/www.mecanicacnc.com\/fr\/technical-service\/#breadcrumb"},"inLanguage":"fr-FR","potentialAction":[{"@type":"ReadAction","target":["https:\/\/www.mecanicacnc.com\/fr\/technical-service\/"]}]},{"@type":"ImageObject","inLanguage":"fr-FR","@id":"https:\/\/www.mecanicacnc.com\/fr\/technical-service\/#primaryimage","url":"https:\/\/www.mecanicacnc.com\/wp-content\/uploads\/2020\/12\/21.png","contentUrl":"https:\/\/www.mecanicacnc.com\/wp-content\/uploads\/2020\/12\/21.png","width":200,"height":200},{"@type":"BreadcrumbList","@id":"https:\/\/www.mecanicacnc.com\/fr\/technical-service\/#breadcrumb","itemListElement":[{"@type":"ListItem","position":1,"name":"Anasayfa","item":"https:\/\/www.mecanicacnc.com\/fr\/"},{"@type":"ListItem","position":2,"name":"SERVICE TECHNIQUE"}]},{"@type":"WebSite","@id":"https:\/\/www.mecanicacnc.com\/fr\/#website","url":"https:\/\/www.mecanicacnc.com\/fr\/","name":"Mecanica - Al\u00fcminyum Profil Kesme ve \u0130\u015fleme Makine ve Otomasyon Teknolojileri","description":"Aluminium Profile CNC Machinery for aluminium market","publisher":{"@id":"https:\/\/www.mecanicacnc.com\/fr\/#organization"},"alternateName":"Mecanica Aluminyum CNC Makineleri","potentialAction":[{"@type":"SearchAction","target":{"@type":"EntryPoint","urlTemplate":"https:\/\/www.mecanicacnc.com\/fr\/?s={search_term_string}"},"query-input":{"@type":"PropertyValueSpecification","valueRequired":true,"valueName":"search_term_string"}}],"inLanguage":"fr-FR"},{"@type":["Organization","Place"],"@id":"https:\/\/www.mecanicacnc.com\/fr\/#organization","name":"Mecanica CNC Aluminum Machinery","alternateName":"Mecanica CNC Aluminium Machinery","url":"https:\/\/www.mecanicacnc.com\/fr\/","logo":{"@id":"https:\/\/www.mecanicacnc.com\/fr\/technical-service\/#local-main-organization-logo"},"image":{"@id":"https:\/\/www.mecanicacnc.com\/fr\/technical-service\/#local-main-organization-logo"},"sameAs":["https:\/\/www.facebook.com\/mecanicacncmakine","https:\/\/x.com\/MecanicaCNC","https:\/\/mastodon.social\/@mecanicacnc","https:\/\/www.instagram.com\/mecanicacnc\/","https:\/\/tr.pinterest.com\/mecanicacnc\/","https:\/\/www.youtube.com\/@mecanicacncmachine"],"description":"Mecanica CNC has been established to offer the machines needed by the aluminum industry. Mecanica CNC, which was established in 2015, has taken the lead in the production of automation machines in the automotive sector, white goods sector and industrial aluminum sectors in a short time and is the direct machine supplier of many automotive companies.","legalName":"Mecanica CNC Makine Servis LTD STI","foundingDate":"2015-01-01","numberOfEmployees":{"@type":"QuantitativeValue","minValue":"11","maxValue":"50"},"publishingPrinciples":"https:\/\/www.mecanicacnc.com\/corporate\/","ownershipFundingInfo":"https:\/\/www.mecanicacnc.com\/contact-detail\/","actionableFeedbackPolicy":"https:\/\/www.mecanicacnc.com\/contact-form\/","correctionsPolicy":"https:\/\/www.mecanicacnc.com\/contact-form\/","ethicsPolicy":"https:\/\/www.mecanicacnc.com\/contact-form\/","diversityPolicy":"https:\/\/www.mecanicacnc.com\/contact-detail\/","diversityStaffingReport":"https:\/\/www.mecanicacnc.com\/contact-detail\/","address":{"@id":"https:\/\/www.mecanicacnc.com\/fr\/technical-service\/#local-main-place-address"},"telephone":["00902166887574","00905307742130"],"contactPoint":{"@type":"ContactPoint","telephone":"00905307742130","email":"osman@mecanicacnc.com"},"openingHoursSpecification":[{"@type":"OpeningHoursSpecification","dayOfWeek":["Monday","Tuesday","Wednesday","Thursday","Friday"],"opens":"09:00","closes":"18:00"},{"@type":"OpeningHoursSpecification","dayOfWeek":["Saturday"],"opens":"09:00","closes":"12:00"},{"@type":"OpeningHoursSpecification","dayOfWeek":["Sunday"],"opens":"00:00","closes":"00:00"}],"email":"info@mecanicacnc.com","faxNumber":"00902166887572","vatID":"6130845412"},{"@type":"Person","@id":"https:\/\/www.mecanicacnc.com\/fr\/#\/schema\/person\/e7b248a6ed3a02b2d612d15afe637db7","name":"mecanica","image":{"@type":"ImageObject","inLanguage":"fr-FR","@id":"https:\/\/secure.gravatar.com\/avatar\/1ae77edb4ed4d2cf895278da1ae4ee7b3124220d2482b7d7610bda838571fd93?s=96&d=mm&r=g","url":"https:\/\/secure.gravatar.com\/avatar\/1ae77edb4ed4d2cf895278da1ae4ee7b3124220d2482b7d7610bda838571fd93?s=96&d=mm&r=g","contentUrl":"https:\/\/secure.gravatar.com\/avatar\/1ae77edb4ed4d2cf895278da1ae4ee7b3124220d2482b7d7610bda838571fd93?s=96&d=mm&r=g","caption":"mecanica"},"sameAs":["https:\/\/www.mecanicacnc.com"],"url":"https:\/\/www.mecanicacnc.com\/fr\/author\/mecanica\/"},{"@type":"PostalAddress","@id":"https:\/\/www.mecanicacnc.com\/fr\/technical-service\/#local-main-place-address","streetAddress":"adakule cevizli mah yesil sok no 4 d 87 kat 16 cevizli maltepe istanbul","addressLocality":"istanbul","postalCode":"34876","addressRegion":"marmara sea","addressCountry":"TR"},{"@type":"ImageObject","inLanguage":"fr-FR","@id":"https:\/\/www.mecanicacnc.com\/fr\/technical-service\/#local-main-organization-logo","url":"https:\/\/www.mecanicacnc.com\/wp-content\/uploads\/2021\/06\/mecanica-logo-son.jpg","contentUrl":"https:\/\/www.mecanicacnc.com\/wp-content\/uploads\/2021\/06\/mecanica-logo-son.jpg","width":696,"height":508,"caption":"Mecanica CNC Aluminum Machinery"}]},"geo.placename":"istanbul","geo.region":"Turquie"},"_links":{"self":[{"href":"https:\/\/www.mecanicacnc.com\/fr\/wp-json\/wp\/v2\/pages\/2944","targetHints":{"allow":["GET"]}}],"collection":[{"href":"https:\/\/www.mecanicacnc.com\/fr\/wp-json\/wp\/v2\/pages"}],"about":[{"href":"https:\/\/www.mecanicacnc.com\/fr\/wp-json\/wp\/v2\/types\/page"}],"author":[{"embeddable":true,"href":"https:\/\/www.mecanicacnc.com\/fr\/wp-json\/wp\/v2\/users\/1"}],"replies":[{"embeddable":true,"href":"https:\/\/www.mecanicacnc.com\/fr\/wp-json\/wp\/v2\/comments?post=2944"}],"version-history":[{"count":1,"href":"https:\/\/www.mecanicacnc.com\/fr\/wp-json\/wp\/v2\/pages\/2944\/revisions"}],"predecessor-version":[{"id":2958,"href":"https:\/\/www.mecanicacnc.com\/fr\/wp-json\/wp\/v2\/pages\/2944\/revisions\/2958"}],"wp:featuredmedia":[{"embeddable":true,"href":"https:\/\/www.mecanicacnc.com\/fr\/wp-json\/wp\/v2\/media\/154"}],"wp:attachment":[{"href":"https:\/\/www.mecanicacnc.com\/fr\/wp-json\/wp\/v2\/media?parent=2944"}],"curies":[{"name":"wp","href":"https:\/\/api.w.org\/{rel}","templated":true}]}}