{"id":2450,"date":"2026-01-23T15:02:39","date_gmt":"2026-01-23T12:02:39","guid":{"rendered":"https:\/\/www.mecanicacnc.com\/privacy-policy\/"},"modified":"2026-01-23T15:02:40","modified_gmt":"2026-01-23T12:02:40","slug":"privacy-policy","status":"publish","type":"page","link":"https:\/\/www.mecanicacnc.com\/it\/privacy-policy\/","title":{"rendered":"Informativa sulla privacy"},"content":{"rendered":"&#13;\n<h2 class=\"wp-block-heading\">Chi siamo<\/h2>&#13;\n&#13;\n<p>L&#8217;indirizzo del nostro sito web \u00e8: https:\/\/www.mecanicacnc.com.<\/p>&#13;\n&#13;\n<h2 class=\"wp-block-heading\">Commenti<\/h2>&#13;\n&#13;\n<p>Quando i visitatori lasciano commenti sul sito, raccogliamo i dati mostrati nel modulo dei commenti, nonch\u00e9 l&#8217;indirizzo IP del visitatore e la stringa dello user agent del browser per facilitare il rilevamento dello spam.<\/p>&#13;\n&#13;\n<p>Una stringa anonima creata a partire dal tuo indirizzo e-mail (chiamata anche hash) pu\u00f2 essere fornita al servizio Gravatar per verificare se lo stai utilizzando. L&#8217;informativa sulla privacy del servizio Gravatar \u00e8 disponibile qui: https:\/\/automattic.com\/privacy\/. Dopo l&#8217;approvazione del tuo commento, la tua immagine del profilo \u00e8 visibile al pubblico nel contesto del tuo commento. <\/p>&#13;\n&#13;\n<h2 class=\"wp-block-heading\">Media<\/h2>&#13;\n&#13;\n<p><strong class=\"privacy-policy-tutorial\"> <\/strong>Se carichi immagini sul sito web, dovresti evitare di caricare immagini con dati di localizzazione incorporati (EXIF GPS). I visitatori del sito web possono scaricare ed estrarre i dati di localizzazione dalle immagini presenti sul sito. <\/p>&#13;\n&#13;\n<h2 class=\"wp-block-heading\">Biscotti<\/h2>&#13;\n&#13;\n<p>Se lasci un commento sul nostro sito, puoi scegliere di salvare il tuo nome, l&#8217;indirizzo e-mail e il sito web nei cookie. Questo per comodit\u00e0 dell&#8217;utente, in modo che non debba inserire nuovamente i suoi dati quando lascia un altro commento. La durata di questi cookie \u00e8 di un anno.  <\/p>&#13;\n&#13;\n<p>Se visiti la nostra pagina di login, imposteremo un cookie temporaneo per determinare se il tuo browser accetta i cookie. Questo cookie non contiene dati personali e viene eliminato alla chiusura del browser. <\/p>&#13;\n&#13;\n<p>Quando accedi al sito, vengono installati diversi cookie per salvare le informazioni di accesso e le opzioni di visualizzazione dello schermo. I cookie di accesso durano due giorni, mentre quelli relativi alle opzioni dello schermo durano un anno. Se selezioni &#8220;Ricordami&#8221;, il tuo login rester\u00e0 attivo per due settimane. Se esci dal tuo account, i cookie di accesso verranno rimossi.   <\/p>&#13;\n&#13;\n<p>Se modifichi o pubblichi un articolo, un ulteriore cookie verr\u00e0 salvato nel tuo browser. Questo cookie non contiene dati personali e indica semplicemente l&#8217;ID del post dell&#8217;articolo appena modificato. Scade dopo 1 giorno.  <\/p>&#13;\n&#13;\n<h2 class=\"wp-block-heading\">Contenuti incorporati da altri siti web<\/h2>&#13;\n&#13;\n<p>Gli articoli di questo sito possono includere contenuti incorporati (ad esempio video, immagini, articoli, ecc.). I contenuti incorporati provenienti da altri siti web si comportano esattamente come se il visitatore avesse visitato l&#8217;altro sito web. <\/p>&#13;\n&#13;\n<p>Questi siti web possono raccogliere dati su di te, utilizzare cookie, incorporare un ulteriore tracciamento di terze parti e monitorare la tua interazione con il contenuto incorporato, compreso il tracciamento della tua interazione con il contenuto incorporato se hai un account e sei connesso a quel sito web.<\/p>&#13;\n&#13;\n<h2 class=\"wp-block-heading\">Con chi condividiamo i tuoi dati<\/h2>&#13;\n&#13;\n<p>Se richiedi la reimpostazione della password, il tuo indirizzo IP sar\u00e0 incluso nell&#8217;e-mail di reimpostazione.<\/p>&#13;\n&#13;\n<h2 class=\"wp-block-heading\">Per quanto tempo conserviamo i tuoi dati<\/h2>&#13;\n&#13;\n<p><strong class=\"privacy-policy-tutorial\"> <\/strong>Se lasci un commento, il commento e i suoi metadati vengono conservati a tempo indeterminato. In questo modo possiamo riconoscere e approvare automaticamente i commenti successivi invece di tenerli in coda di moderazione. <\/p>&#13;\n&#13;\n<p>Per gli utenti che si registrano sul nostro sito web (se presenti), memorizziamo anche le informazioni personali fornite nel loro profilo utente. Tutti gli utenti possono vedere, modificare o cancellare le loro informazioni personali in qualsiasi momento (ad eccezione del fatto che non possono cambiare il loro nome utente). Anche gli amministratori del sito web possono vedere e modificare tali informazioni.  <\/p>&#13;\n&#13;\n<h2 class=\"wp-block-heading\">Quali diritti hai sui tuoi dati<\/h2>&#13;\n&#13;\n<p>Se hai un account su questo sito o hai lasciato dei commenti, puoi richiedere di ricevere un file esportato dei dati personali in nostro possesso, compresi quelli che ci hai fornito. Puoi anche richiedere la cancellazione dei dati personali in nostro possesso. Questo non include i dati che siamo obbligati a conservare per scopi amministrativi, legali o di sicurezza.  <\/p>&#13;\n&#13;\n<h2 class=\"wp-block-heading\">Dove vengono inviati i tuoi dati<\/h2>&#13;\n&#13;\n<p><strong class=\"privacy-policy-tutorial\"> <\/strong>I commenti dei visitatori possono essere controllati da un servizio automatico di rilevamento dello spam.<\/p>&#13;\n<p>&nbsp;<\/p>\n","protected":false},"excerpt":{"rendered":"<p>&#13; Chi siamo &#13; &#13; L&#8217;indirizzo del nostro sito web \u00e8: https:\/\/www.mecanicacnc.com. &#13; &#13; Commenti &#13; &#13; Quando i visitatori lasciano commenti sul sito, raccogliamo i dati mostrati nel modulo dei commenti, nonch\u00e9 l&#8217;indirizzo IP del visitatore e la stringa dello user agent del browser per facilitare il rilevamento dello spam. &#13; &#13; Una stringa [&hellip;]<\/p>\n","protected":false},"author":1,"featured_media":0,"parent":0,"menu_order":0,"comment_status":"closed","ping_status":"closed","template":"","meta":{"_acf_changed":false,"_monsterinsights_skip_tracking":false,"_monsterinsights_sitenote_active":false,"_monsterinsights_sitenote_note":"","_monsterinsights_sitenote_category":0,"_joinchat":[],"footnotes":""},"class_list":["post-2450","page","type-page","status-publish","hentry"],"acf":[],"yoast_head":"<!-- This site is optimized with the Yoast SEO Premium plugin v26.8 (Yoast SEO v27.4) - https:\/\/yoast.com\/product\/yoast-seo-premium-wordpress\/ -->\n<title>Informativa sulla privacy - Mecanica - Al\u00fcminyum Profil Kesme ve \u0130\u015fleme Makine ve Otomasyon Teknolojileri<\/title>\n<meta name=\"description\" content=\"Aluminium Machinery for Aluminium Market, Aluminium Profile Machining Center, Double Head Cutting Machine, 4 axis CNC, 5 Axis CNC, Facade Notching Saws, Double Mitre Saws\" \/>\n<meta name=\"robots\" content=\"index, follow, max-snippet:-1, max-image-preview:large, max-video-preview:-1\" \/>\n<link rel=\"canonical\" href=\"https:\/\/www.mecanicacnc.com\/it\/privacy-policy\/\" \/>\n<meta property=\"og:locale\" content=\"it_IT\" \/>\n<meta property=\"og:type\" content=\"article\" \/>\n<meta property=\"og:title\" content=\"Informativa sulla privacy\" \/>\n<meta property=\"og:description\" content=\"Aluminum Profile Machining Center by Mecanica CNC\" \/>\n<meta property=\"og:url\" content=\"https:\/\/www.mecanicacnc.com\/it\/privacy-policy\/\" \/>\n<meta property=\"og:site_name\" content=\"Mecanica - Al\u00fcminyum Profil Kesme ve \u0130\u015fleme Makine ve Otomasyon Teknolojileri\" \/>\n<meta property=\"article:publisher\" content=\"https:\/\/www.facebook.com\/mecanicacncmakine\" \/>\n<meta property=\"article:modified_time\" content=\"2026-01-23T12:02:40+00:00\" \/>\n<meta property=\"og:image\" content=\"https:\/\/www.mecanicacnc.com\/wp-content\/uploads\/2021\/06\/mecanica-logo-son.jpg\" \/>\n\t<meta property=\"og:image:width\" content=\"696\" \/>\n\t<meta property=\"og:image:height\" content=\"508\" \/>\n\t<meta property=\"og:image:type\" content=\"image\/jpeg\" \/>\n<meta name=\"twitter:card\" content=\"summary_large_image\" \/>\n<meta name=\"twitter:site\" content=\"@MecanicaCNC\" \/>\n<meta name=\"twitter:label1\" content=\"Tempo di lettura stimato\" \/>\n\t<meta name=\"twitter:data1\" content=\"3 minuti\" \/>\n<script type=\"application\/ld+json\" class=\"yoast-schema-graph\">{\"@context\":\"https:\\\/\\\/schema.org\",\"@graph\":[{\"@type\":\"TechArticle\",\"@id\":\"https:\\\/\\\/www.mecanicacnc.com\\\/it\\\/privacy-policy\\\/#article\",\"isPartOf\":{\"@id\":\"https:\\\/\\\/www.mecanicacnc.com\\\/it\\\/privacy-policy\\\/\"},\"author\":{\"name\":\"mecanica\",\"@id\":\"https:\\\/\\\/www.mecanicacnc.com\\\/it\\\/#\\\/schema\\\/person\\\/e7b248a6ed3a02b2d612d15afe637db7\"},\"headline\":\"Informativa sulla privacy\",\"datePublished\":\"2026-01-23T12:02:39+00:00\",\"dateModified\":\"2026-01-23T12:02:40+00:00\",\"mainEntityOfPage\":{\"@id\":\"https:\\\/\\\/www.mecanicacnc.com\\\/it\\\/privacy-policy\\\/\"},\"wordCount\":624,\"publisher\":{\"@id\":\"https:\\\/\\\/www.mecanicacnc.com\\\/it\\\/#organization\"},\"inLanguage\":\"it-IT\"},{\"@type\":\"WebPage\",\"@id\":\"https:\\\/\\\/www.mecanicacnc.com\\\/it\\\/privacy-policy\\\/\",\"url\":\"https:\\\/\\\/www.mecanicacnc.com\\\/it\\\/privacy-policy\\\/\",\"name\":\"Informativa sulla privacy - Mecanica - Al\u00fcminyum Profil Kesme ve \u0130\u015fleme Makine ve Otomasyon Teknolojileri\",\"isPartOf\":{\"@id\":\"https:\\\/\\\/www.mecanicacnc.com\\\/it\\\/#website\"},\"datePublished\":\"2026-01-23T12:02:39+00:00\",\"dateModified\":\"2026-01-23T12:02:40+00:00\",\"description\":\"Aluminium Machinery for Aluminium Market, Aluminium Profile Machining Center, Double Head Cutting Machine, 4 axis CNC, 5 Axis CNC, Facade Notching Saws, Double Mitre Saws\",\"breadcrumb\":{\"@id\":\"https:\\\/\\\/www.mecanicacnc.com\\\/it\\\/privacy-policy\\\/#breadcrumb\"},\"inLanguage\":\"it-IT\",\"potentialAction\":[{\"@type\":\"ReadAction\",\"target\":[\"https:\\\/\\\/www.mecanicacnc.com\\\/it\\\/privacy-policy\\\/\"]}]},{\"@type\":\"BreadcrumbList\",\"@id\":\"https:\\\/\\\/www.mecanicacnc.com\\\/it\\\/privacy-policy\\\/#breadcrumb\",\"itemListElement\":[{\"@type\":\"ListItem\",\"position\":1,\"name\":\"Anasayfa\",\"item\":\"https:\\\/\\\/www.mecanicacnc.com\\\/it\\\/\"},{\"@type\":\"ListItem\",\"position\":2,\"name\":\"Informativa sulla privacy\"}]},{\"@type\":\"WebSite\",\"@id\":\"https:\\\/\\\/www.mecanicacnc.com\\\/it\\\/#website\",\"url\":\"https:\\\/\\\/www.mecanicacnc.com\\\/it\\\/\",\"name\":\"Mecanica - Al\u00fcminyum Profil Kesme ve \u0130\u015fleme Makine ve Otomasyon Teknolojileri\",\"description\":\"Aluminium Profile CNC Machinery for aluminium market\",\"publisher\":{\"@id\":\"https:\\\/\\\/www.mecanicacnc.com\\\/it\\\/#organization\"},\"alternateName\":\"Mecanica Aluminyum CNC Makineleri\",\"potentialAction\":[{\"@type\":\"SearchAction\",\"target\":{\"@type\":\"EntryPoint\",\"urlTemplate\":\"https:\\\/\\\/www.mecanicacnc.com\\\/it\\\/?s={search_term_string}\"},\"query-input\":{\"@type\":\"PropertyValueSpecification\",\"valueRequired\":true,\"valueName\":\"search_term_string\"}}],\"inLanguage\":\"it-IT\"},{\"@type\":[\"Organization\",\"Place\"],\"@id\":\"https:\\\/\\\/www.mecanicacnc.com\\\/it\\\/#organization\",\"name\":\"Mecanica CNC Aluminum Machinery\",\"alternateName\":\"Mecanica CNC Aluminium Machinery\",\"url\":\"https:\\\/\\\/www.mecanicacnc.com\\\/it\\\/\",\"logo\":{\"@id\":\"https:\\\/\\\/www.mecanicacnc.com\\\/it\\\/privacy-policy\\\/#local-main-organization-logo\"},\"image\":{\"@id\":\"https:\\\/\\\/www.mecanicacnc.com\\\/it\\\/privacy-policy\\\/#local-main-organization-logo\"},\"sameAs\":[\"https:\\\/\\\/www.facebook.com\\\/mecanicacncmakine\",\"https:\\\/\\\/x.com\\\/MecanicaCNC\",\"https:\\\/\\\/mastodon.social\\\/@mecanicacnc\",\"https:\\\/\\\/www.instagram.com\\\/mecanicacnc\\\/\",\"https:\\\/\\\/tr.pinterest.com\\\/mecanicacnc\\\/\",\"https:\\\/\\\/www.youtube.com\\\/@mecanicacncmachine\"],\"description\":\"Mecanica CNC has been established to offer the machines needed by the aluminum industry. Mecanica CNC, which was established in 2015, has taken the lead in the production of automation machines in the automotive sector, white goods sector and industrial aluminum sectors in a short time and is the direct machine supplier of many automotive companies.\",\"legalName\":\"Mecanica CNC Makine Servis LTD STI\",\"foundingDate\":\"2015-01-01\",\"numberOfEmployees\":{\"@type\":\"QuantitativeValue\",\"minValue\":\"11\",\"maxValue\":\"50\"},\"publishingPrinciples\":\"https:\\\/\\\/www.mecanicacnc.com\\\/corporate\\\/\",\"ownershipFundingInfo\":\"https:\\\/\\\/www.mecanicacnc.com\\\/contact-detail\\\/\",\"actionableFeedbackPolicy\":\"https:\\\/\\\/www.mecanicacnc.com\\\/contact-form\\\/\",\"correctionsPolicy\":\"https:\\\/\\\/www.mecanicacnc.com\\\/contact-form\\\/\",\"ethicsPolicy\":\"https:\\\/\\\/www.mecanicacnc.com\\\/contact-form\\\/\",\"diversityPolicy\":\"https:\\\/\\\/www.mecanicacnc.com\\\/contact-detail\\\/\",\"diversityStaffingReport\":\"https:\\\/\\\/www.mecanicacnc.com\\\/contact-detail\\\/\",\"address\":{\"@id\":\"https:\\\/\\\/www.mecanicacnc.com\\\/it\\\/privacy-policy\\\/#local-main-place-address\"},\"telephone\":[\"00902166887574\",\"00905307742130\"],\"contactPoint\":{\"@type\":\"ContactPoint\",\"telephone\":\"00905307742130\",\"email\":\"osman@mecanicacnc.com\"},\"openingHoursSpecification\":[{\"@type\":\"OpeningHoursSpecification\",\"dayOfWeek\":[\"Monday\",\"Tuesday\",\"Wednesday\",\"Thursday\",\"Friday\"],\"opens\":\"09:00\",\"closes\":\"18:00\"},{\"@type\":\"OpeningHoursSpecification\",\"dayOfWeek\":[\"Saturday\"],\"opens\":\"09:00\",\"closes\":\"12:00\"},{\"@type\":\"OpeningHoursSpecification\",\"dayOfWeek\":[\"Sunday\"],\"opens\":\"00:00\",\"closes\":\"00:00\"}],\"email\":\"info@mecanicacnc.com\",\"faxNumber\":\"00902166887572\",\"vatID\":\"6130845412\"},{\"@type\":\"Person\",\"@id\":\"https:\\\/\\\/www.mecanicacnc.com\\\/it\\\/#\\\/schema\\\/person\\\/e7b248a6ed3a02b2d612d15afe637db7\",\"name\":\"mecanica\",\"image\":{\"@type\":\"ImageObject\",\"inLanguage\":\"it-IT\",\"@id\":\"https:\\\/\\\/secure.gravatar.com\\\/avatar\\\/1ae77edb4ed4d2cf895278da1ae4ee7b3124220d2482b7d7610bda838571fd93?s=96&d=mm&r=g\",\"url\":\"https:\\\/\\\/secure.gravatar.com\\\/avatar\\\/1ae77edb4ed4d2cf895278da1ae4ee7b3124220d2482b7d7610bda838571fd93?s=96&d=mm&r=g\",\"contentUrl\":\"https:\\\/\\\/secure.gravatar.com\\\/avatar\\\/1ae77edb4ed4d2cf895278da1ae4ee7b3124220d2482b7d7610bda838571fd93?s=96&d=mm&r=g\",\"caption\":\"mecanica\"},\"sameAs\":[\"https:\\\/\\\/www.mecanicacnc.com\"],\"url\":\"https:\\\/\\\/www.mecanicacnc.com\\\/it\\\/author\\\/mecanica\\\/\"},{\"@type\":\"PostalAddress\",\"@id\":\"https:\\\/\\\/www.mecanicacnc.com\\\/it\\\/privacy-policy\\\/#local-main-place-address\",\"streetAddress\":\"adakule cevizli mah yesil sok no 4 d 87 kat 16 cevizli maltepe istanbul\",\"addressLocality\":\"istanbul\",\"postalCode\":\"34876\",\"addressRegion\":\"marmara sea\",\"addressCountry\":\"TR\"},{\"@type\":\"ImageObject\",\"inLanguage\":\"it-IT\",\"@id\":\"https:\\\/\\\/www.mecanicacnc.com\\\/it\\\/privacy-policy\\\/#local-main-organization-logo\",\"url\":\"https:\\\/\\\/www.mecanicacnc.com\\\/wp-content\\\/uploads\\\/2021\\\/06\\\/mecanica-logo-son.jpg\",\"contentUrl\":\"https:\\\/\\\/www.mecanicacnc.com\\\/wp-content\\\/uploads\\\/2021\\\/06\\\/mecanica-logo-son.jpg\",\"width\":696,\"height\":508,\"caption\":\"Mecanica CNC Aluminum Machinery\"}]}<\/script>\n<meta name=\"geo.placename\" content=\"istanbul\" \/>\n<meta name=\"geo.region\" content=\"Turchia\" \/>\n<!-- \/ Yoast SEO Premium plugin. -->","yoast_head_json":{"title":"Informativa sulla privacy - Mecanica - Al\u00fcminyum Profil Kesme ve \u0130\u015fleme Makine ve Otomasyon Teknolojileri","description":"Aluminium Machinery for Aluminium Market, Aluminium Profile Machining Center, Double Head Cutting Machine, 4 axis CNC, 5 Axis CNC, Facade Notching Saws, Double Mitre Saws","robots":{"index":"index","follow":"follow","max-snippet":"max-snippet:-1","max-image-preview":"max-image-preview:large","max-video-preview":"max-video-preview:-1"},"canonical":"https:\/\/www.mecanicacnc.com\/it\/privacy-policy\/","og_locale":"it_IT","og_type":"article","og_title":"Informativa sulla privacy","og_description":"Aluminum Profile Machining Center by Mecanica CNC","og_url":"https:\/\/www.mecanicacnc.com\/it\/privacy-policy\/","og_site_name":"Mecanica - Al\u00fcminyum Profil Kesme ve \u0130\u015fleme Makine ve Otomasyon Teknolojileri","article_publisher":"https:\/\/www.facebook.com\/mecanicacncmakine","article_modified_time":"2026-01-23T12:02:40+00:00","og_image":[{"width":696,"height":508,"url":"https:\/\/www.mecanicacnc.com\/wp-content\/uploads\/2021\/06\/mecanica-logo-son.jpg","type":"image\/jpeg"}],"twitter_card":"summary_large_image","twitter_site":"@MecanicaCNC","twitter_misc":{"Tempo di lettura stimato":"3 minuti"},"schema":{"@context":"https:\/\/schema.org","@graph":[{"@type":"TechArticle","@id":"https:\/\/www.mecanicacnc.com\/it\/privacy-policy\/#article","isPartOf":{"@id":"https:\/\/www.mecanicacnc.com\/it\/privacy-policy\/"},"author":{"name":"mecanica","@id":"https:\/\/www.mecanicacnc.com\/it\/#\/schema\/person\/e7b248a6ed3a02b2d612d15afe637db7"},"headline":"Informativa sulla privacy","datePublished":"2026-01-23T12:02:39+00:00","dateModified":"2026-01-23T12:02:40+00:00","mainEntityOfPage":{"@id":"https:\/\/www.mecanicacnc.com\/it\/privacy-policy\/"},"wordCount":624,"publisher":{"@id":"https:\/\/www.mecanicacnc.com\/it\/#organization"},"inLanguage":"it-IT"},{"@type":"WebPage","@id":"https:\/\/www.mecanicacnc.com\/it\/privacy-policy\/","url":"https:\/\/www.mecanicacnc.com\/it\/privacy-policy\/","name":"Informativa sulla privacy - Mecanica - Al\u00fcminyum Profil Kesme ve \u0130\u015fleme Makine ve Otomasyon Teknolojileri","isPartOf":{"@id":"https:\/\/www.mecanicacnc.com\/it\/#website"},"datePublished":"2026-01-23T12:02:39+00:00","dateModified":"2026-01-23T12:02:40+00:00","description":"Aluminium Machinery for Aluminium Market, Aluminium Profile Machining Center, Double Head Cutting Machine, 4 axis CNC, 5 Axis CNC, Facade Notching Saws, Double Mitre Saws","breadcrumb":{"@id":"https:\/\/www.mecanicacnc.com\/it\/privacy-policy\/#breadcrumb"},"inLanguage":"it-IT","potentialAction":[{"@type":"ReadAction","target":["https:\/\/www.mecanicacnc.com\/it\/privacy-policy\/"]}]},{"@type":"BreadcrumbList","@id":"https:\/\/www.mecanicacnc.com\/it\/privacy-policy\/#breadcrumb","itemListElement":[{"@type":"ListItem","position":1,"name":"Anasayfa","item":"https:\/\/www.mecanicacnc.com\/it\/"},{"@type":"ListItem","position":2,"name":"Informativa sulla privacy"}]},{"@type":"WebSite","@id":"https:\/\/www.mecanicacnc.com\/it\/#website","url":"https:\/\/www.mecanicacnc.com\/it\/","name":"Mecanica - Al\u00fcminyum Profil Kesme ve \u0130\u015fleme Makine ve Otomasyon Teknolojileri","description":"Aluminium Profile CNC Machinery for aluminium market","publisher":{"@id":"https:\/\/www.mecanicacnc.com\/it\/#organization"},"alternateName":"Mecanica Aluminyum CNC Makineleri","potentialAction":[{"@type":"SearchAction","target":{"@type":"EntryPoint","urlTemplate":"https:\/\/www.mecanicacnc.com\/it\/?s={search_term_string}"},"query-input":{"@type":"PropertyValueSpecification","valueRequired":true,"valueName":"search_term_string"}}],"inLanguage":"it-IT"},{"@type":["Organization","Place"],"@id":"https:\/\/www.mecanicacnc.com\/it\/#organization","name":"Mecanica CNC Aluminum Machinery","alternateName":"Mecanica CNC Aluminium Machinery","url":"https:\/\/www.mecanicacnc.com\/it\/","logo":{"@id":"https:\/\/www.mecanicacnc.com\/it\/privacy-policy\/#local-main-organization-logo"},"image":{"@id":"https:\/\/www.mecanicacnc.com\/it\/privacy-policy\/#local-main-organization-logo"},"sameAs":["https:\/\/www.facebook.com\/mecanicacncmakine","https:\/\/x.com\/MecanicaCNC","https:\/\/mastodon.social\/@mecanicacnc","https:\/\/www.instagram.com\/mecanicacnc\/","https:\/\/tr.pinterest.com\/mecanicacnc\/","https:\/\/www.youtube.com\/@mecanicacncmachine"],"description":"Mecanica CNC has been established to offer the machines needed by the aluminum industry. Mecanica CNC, which was established in 2015, has taken the lead in the production of automation machines in the automotive sector, white goods sector and industrial aluminum sectors in a short time and is the direct machine supplier of many automotive companies.","legalName":"Mecanica CNC Makine Servis LTD STI","foundingDate":"2015-01-01","numberOfEmployees":{"@type":"QuantitativeValue","minValue":"11","maxValue":"50"},"publishingPrinciples":"https:\/\/www.mecanicacnc.com\/corporate\/","ownershipFundingInfo":"https:\/\/www.mecanicacnc.com\/contact-detail\/","actionableFeedbackPolicy":"https:\/\/www.mecanicacnc.com\/contact-form\/","correctionsPolicy":"https:\/\/www.mecanicacnc.com\/contact-form\/","ethicsPolicy":"https:\/\/www.mecanicacnc.com\/contact-form\/","diversityPolicy":"https:\/\/www.mecanicacnc.com\/contact-detail\/","diversityStaffingReport":"https:\/\/www.mecanicacnc.com\/contact-detail\/","address":{"@id":"https:\/\/www.mecanicacnc.com\/it\/privacy-policy\/#local-main-place-address"},"telephone":["00902166887574","00905307742130"],"contactPoint":{"@type":"ContactPoint","telephone":"00905307742130","email":"osman@mecanicacnc.com"},"openingHoursSpecification":[{"@type":"OpeningHoursSpecification","dayOfWeek":["Monday","Tuesday","Wednesday","Thursday","Friday"],"opens":"09:00","closes":"18:00"},{"@type":"OpeningHoursSpecification","dayOfWeek":["Saturday"],"opens":"09:00","closes":"12:00"},{"@type":"OpeningHoursSpecification","dayOfWeek":["Sunday"],"opens":"00:00","closes":"00:00"}],"email":"info@mecanicacnc.com","faxNumber":"00902166887572","vatID":"6130845412"},{"@type":"Person","@id":"https:\/\/www.mecanicacnc.com\/it\/#\/schema\/person\/e7b248a6ed3a02b2d612d15afe637db7","name":"mecanica","image":{"@type":"ImageObject","inLanguage":"it-IT","@id":"https:\/\/secure.gravatar.com\/avatar\/1ae77edb4ed4d2cf895278da1ae4ee7b3124220d2482b7d7610bda838571fd93?s=96&d=mm&r=g","url":"https:\/\/secure.gravatar.com\/avatar\/1ae77edb4ed4d2cf895278da1ae4ee7b3124220d2482b7d7610bda838571fd93?s=96&d=mm&r=g","contentUrl":"https:\/\/secure.gravatar.com\/avatar\/1ae77edb4ed4d2cf895278da1ae4ee7b3124220d2482b7d7610bda838571fd93?s=96&d=mm&r=g","caption":"mecanica"},"sameAs":["https:\/\/www.mecanicacnc.com"],"url":"https:\/\/www.mecanicacnc.com\/it\/author\/mecanica\/"},{"@type":"PostalAddress","@id":"https:\/\/www.mecanicacnc.com\/it\/privacy-policy\/#local-main-place-address","streetAddress":"adakule cevizli mah yesil sok no 4 d 87 kat 16 cevizli maltepe istanbul","addressLocality":"istanbul","postalCode":"34876","addressRegion":"marmara sea","addressCountry":"TR"},{"@type":"ImageObject","inLanguage":"it-IT","@id":"https:\/\/www.mecanicacnc.com\/it\/privacy-policy\/#local-main-organization-logo","url":"https:\/\/www.mecanicacnc.com\/wp-content\/uploads\/2021\/06\/mecanica-logo-son.jpg","contentUrl":"https:\/\/www.mecanicacnc.com\/wp-content\/uploads\/2021\/06\/mecanica-logo-son.jpg","width":696,"height":508,"caption":"Mecanica CNC Aluminum Machinery"}]},"geo.placename":"istanbul","geo.region":"Turchia"},"_links":{"self":[{"href":"https:\/\/www.mecanicacnc.com\/it\/wp-json\/wp\/v2\/pages\/2450","targetHints":{"allow":["GET"]}}],"collection":[{"href":"https:\/\/www.mecanicacnc.com\/it\/wp-json\/wp\/v2\/pages"}],"about":[{"href":"https:\/\/www.mecanicacnc.com\/it\/wp-json\/wp\/v2\/types\/page"}],"author":[{"embeddable":true,"href":"https:\/\/www.mecanicacnc.com\/it\/wp-json\/wp\/v2\/users\/1"}],"replies":[{"embeddable":true,"href":"https:\/\/www.mecanicacnc.com\/it\/wp-json\/wp\/v2\/comments?post=2450"}],"version-history":[{"count":1,"href":"https:\/\/www.mecanicacnc.com\/it\/wp-json\/wp\/v2\/pages\/2450\/revisions"}],"predecessor-version":[{"id":2451,"href":"https:\/\/www.mecanicacnc.com\/it\/wp-json\/wp\/v2\/pages\/2450\/revisions\/2451"}],"wp:attachment":[{"href":"https:\/\/www.mecanicacnc.com\/it\/wp-json\/wp\/v2\/media?parent=2450"}],"curies":[{"name":"wp","href":"https:\/\/api.w.org\/{rel}","templated":true}]}}