{"id":139,"date":"2020-12-08T08:12:25","date_gmt":"2020-12-08T05:12:25","guid":{"rendered":"http:\/\/localhost\/mec\/?page_id=139"},"modified":"2025-08-27T14:17:36","modified_gmt":"2025-08-27T11:17:36","slug":"kurumsal","status":"publish","type":"page","link":"https:\/\/www.mecanicacnc.com\/tr\/kurumsal\/","title":{"rendered":"Kurumsal"},"content":{"rendered":"<h1><span style=\"font-size: 20px;\"><span style=\"color: #1abc9c;\">Tarih\u00e7e<\/span><\/span><\/h1>\n<p style=\"text-align: justify;\">Mecanica CNC, al\u00fcminyum sekt\u00f6r\u00fcn\u00fcn ihtiya\u00e7 duydu\u011fu makineleri sunmak i\u00e7in kurulmu\u015ftur. 2015 y\u0131l\u0131nda kurulmu\u015f olan Mecanica CNC, otomotiv sekt\u00f6r\u00fcnde, beyaz e\u015fya sekt\u00f6r\u00fcnde ve end\u00fcstriyel al\u00fcminyumun kullan\u0131ld\u0131\u011f\u0131 sekt\u00f6rlerde otomasyon makineleri \u00fcretiminde liderli\u011fi k\u0131sa zamanda ele alm\u0131\u015f, g\u00fcn\u00fcm\u00fczde bir \u00e7ok otomotiv firmas\u0131n\u0131n direkt makine tedarik\u00e7isidir. Otomasyona y\u00f6nelik yapm\u0131\u015f oldu\u011fu aluminyum profil i\u015fleme ve kesme merkezleri, paketleme hatlar\u0131, hem lazerle hem freze ile \u00e7al\u0131\u015fan cnc profil i\u015fleme merkezleri, 4 eksen cnc aluminyum profil b\u00fck\u00fcm makineleri sekt\u00f6rde olduk\u00e7a talep g\u00f6rmektedir.<\/p>\n<h1><span style=\"color: #1abc9c;\"><span style=\"font-family: Arial,Helvetica,sans-serif;\"><span style=\"font-size: 20px;\">Misyon<\/span><\/span><\/span><\/h1>\n<p style=\"text-align: justify;\">Misyonumuz, y\u00fcksek kaliteli \u00fcr\u00fcnlerimizi iyi bir sat\u0131\u015f sonras\u0131 hizmetle birlikte t\u00fcm D\u00fcnya&#8217;da yer alan m\u00fc\u015fterilerimize sunmak ve Mecanica CNC&#8217;yi t\u00fcm D\u00fcnya&#8217;da \u00fcr\u00fcn ve hizmet kalitesi ile aranan bir marka haline getirmektir.<\/p>\n<h1><span style=\"font-size: 20px;\"><span style=\"color: #1abc9c;\">Vizyon<\/span><\/span><\/h1>\n<p style=\"text-align: justify;\">Vizyonumuz, Al\u00fcminyum profilin kullan\u0131ld\u0131\u011f\u0131 t\u00fcm sekt\u00f6rlerde, m\u00fc\u015fterilerinin ihtiya\u00e7lar\u0131 do\u011frultusunda, tek makine ile farkl\u0131 \u00fcr\u00fcnler \u00fcretebilen b\u00f6ylece makinelerden maksimum fayda al\u0131nabilen \u00fcr\u00fcnler \u00fcreten; al\u00fcminyum makine sekt\u00f6r\u00fcnde ve t\u00fcm d\u00fcnyada Lider bir firma olmakt\u0131r.<\/p>\n<h1><span style=\"font-size: 20px;\"><span style=\"color: #1abc9c;\">Fabrikam\u0131z<\/span><\/span><\/h1>\n<p><img loading=\"lazy\" decoding=\"async\" class=\" wp-image-1671\" src=\"https:\/\/www.mecanicacnc.com\/wp-content\/uploads\/2025\/08\/Mecanica-factory-picture-300x178.jpg\" alt=\"Mecanica-factory-picture\" width=\"589\" height=\"350\" srcset=\"https:\/\/www.mecanicacnc.com\/wp-content\/uploads\/2025\/08\/Mecanica-factory-picture-300x178.jpg 300w, https:\/\/www.mecanicacnc.com\/wp-content\/uploads\/2025\/08\/Mecanica-factory-picture-200x119.jpg 200w, https:\/\/www.mecanicacnc.com\/wp-content\/uploads\/2025\/08\/Mecanica-factory-picture.jpg 726w\" sizes=\"auto, (max-width: 589px) 100vw, 589px\" \/><\/p>\n<p>&nbsp;<\/p>\n","protected":false},"excerpt":{"rendered":"<p>Tarih\u00e7e Mecanica CNC, al\u00fcminyum sekt\u00f6r\u00fcn\u00fcn ihtiya\u00e7 duydu\u011fu makineleri sunmak i\u00e7in kurulmu\u015ftur. 2015 y\u0131l\u0131nda kurulmu\u015f olan Mecanica CNC, otomotiv sekt\u00f6r\u00fcnde, beyaz e\u015fya sekt\u00f6r\u00fcnde ve end\u00fcstriyel al\u00fcminyumun kullan\u0131ld\u0131\u011f\u0131 sekt\u00f6rlerde otomasyon makineleri \u00fcretiminde liderli\u011fi k\u0131sa zamanda ele alm\u0131\u015f, g\u00fcn\u00fcm\u00fczde bir \u00e7ok otomotiv firmas\u0131n\u0131n direkt makine tedarik\u00e7isidir. Otomasyona y\u00f6nelik yapm\u0131\u015f oldu\u011fu aluminyum profil i\u015fleme ve kesme merkezleri, paketleme hatlar\u0131, [&hellip;]<\/p>\n","protected":false},"author":1,"featured_media":142,"parent":0,"menu_order":0,"comment_status":"closed","ping_status":"closed","template":"","meta":{"_acf_changed":false,"_monsterinsights_skip_tracking":false,"_monsterinsights_sitenote_active":false,"_monsterinsights_sitenote_note":"","_monsterinsights_sitenote_category":0,"_joinchat":[],"footnotes":""},"class_list":["post-139","page","type-page","status-publish","has-post-thumbnail","hentry"],"acf":[],"yoast_head":"<!-- This site is optimized with the Yoast SEO Premium plugin v26.8 (Yoast SEO v27.3) - https:\/\/yoast.com\/product\/yoast-seo-premium-wordpress\/ -->\n<title>Kurumsal - Mecanica - Al\u00fcminyum Profil Kesme ve \u0130\u015fleme Makine ve Otomasyon Teknolojileri<\/title>\n<meta name=\"description\" content=\"Aluminium Machinery for Aluminium Market, Aluminium Profile Machining Center, Double Head Cutting Machine, 4 axis CNC, 5 Axis CNC, Facade Notching Saws, Double Mitre Saws\" \/>\n<meta name=\"robots\" content=\"index, follow, max-snippet:-1, max-image-preview:large, max-video-preview:-1\" \/>\n<link rel=\"canonical\" href=\"https:\/\/www.mecanicacnc.com\/tr\/kurumsal\/\" \/>\n<meta property=\"og:locale\" content=\"tr_TR\" \/>\n<meta property=\"og:type\" content=\"article\" \/>\n<meta property=\"og:title\" content=\"Kurumsal\" \/>\n<meta property=\"og:description\" content=\"Aluminum Profile Machining Center by Mecanica CNC\" \/>\n<meta property=\"og:url\" content=\"https:\/\/www.mecanicacnc.com\/tr\/kurumsal\/\" \/>\n<meta property=\"og:site_name\" content=\"Mecanica - Al\u00fcminyum Profil Kesme ve \u0130\u015fleme Makine ve Otomasyon Teknolojileri\" \/>\n<meta property=\"article:publisher\" content=\"https:\/\/www.facebook.com\/mecanicacncmakine\" \/>\n<meta property=\"article:modified_time\" content=\"2025-08-27T11:17:36+00:00\" \/>\n<meta property=\"og:image\" content=\"https:\/\/www.mecanicacnc.com\/wp-content\/uploads\/2020\/12\/logo-gray.png\" \/>\n\t<meta property=\"og:image:width\" content=\"270\" \/>\n\t<meta property=\"og:image:height\" content=\"270\" \/>\n\t<meta property=\"og:image:type\" content=\"image\/png\" \/>\n<meta name=\"twitter:card\" content=\"summary_large_image\" \/>\n<meta name=\"twitter:site\" content=\"@MecanicaCNC\" \/>\n<meta name=\"twitter:label1\" content=\"Tahmini okuma s\u00fcresi\" \/>\n\t<meta name=\"twitter:data1\" content=\"2 dakika\" \/>\n<script type=\"application\/ld+json\" class=\"yoast-schema-graph\">{\"@context\":\"https:\\\/\\\/schema.org\",\"@graph\":[{\"@type\":\"TechArticle\",\"@id\":\"https:\\\/\\\/www.mecanicacnc.com\\\/tr\\\/kurumsal\\\/#article\",\"isPartOf\":{\"@id\":\"https:\\\/\\\/www.mecanicacnc.com\\\/tr\\\/kurumsal\\\/\"},\"author\":{\"name\":\"mecanica\",\"@id\":\"https:\\\/\\\/www.mecanicacnc.com\\\/tr\\\/#\\\/schema\\\/person\\\/e7b248a6ed3a02b2d612d15afe637db7\"},\"headline\":\"Kurumsal\",\"datePublished\":\"2020-12-08T05:12:25+00:00\",\"dateModified\":\"2025-08-27T11:17:36+00:00\",\"mainEntityOfPage\":{\"@id\":\"https:\\\/\\\/www.mecanicacnc.com\\\/tr\\\/kurumsal\\\/\"},\"wordCount\":208,\"publisher\":{\"@id\":\"https:\\\/\\\/www.mecanicacnc.com\\\/tr\\\/#organization\"},\"image\":{\"@id\":\"https:\\\/\\\/www.mecanicacnc.com\\\/tr\\\/kurumsal\\\/#primaryimage\"},\"thumbnailUrl\":\"https:\\\/\\\/www.mecanicacnc.com\\\/wp-content\\\/uploads\\\/2020\\\/12\\\/logo-gray.png\",\"inLanguage\":\"tr\"},{\"@type\":\"WebPage\",\"@id\":\"https:\\\/\\\/www.mecanicacnc.com\\\/tr\\\/kurumsal\\\/\",\"url\":\"https:\\\/\\\/www.mecanicacnc.com\\\/tr\\\/kurumsal\\\/\",\"name\":\"Kurumsal - Mecanica - Al\u00fcminyum Profil Kesme ve \u0130\u015fleme Makine ve Otomasyon Teknolojileri\",\"isPartOf\":{\"@id\":\"https:\\\/\\\/www.mecanicacnc.com\\\/tr\\\/#website\"},\"primaryImageOfPage\":{\"@id\":\"https:\\\/\\\/www.mecanicacnc.com\\\/tr\\\/kurumsal\\\/#primaryimage\"},\"image\":{\"@id\":\"https:\\\/\\\/www.mecanicacnc.com\\\/tr\\\/kurumsal\\\/#primaryimage\"},\"thumbnailUrl\":\"https:\\\/\\\/www.mecanicacnc.com\\\/wp-content\\\/uploads\\\/2020\\\/12\\\/logo-gray.png\",\"datePublished\":\"2020-12-08T05:12:25+00:00\",\"dateModified\":\"2025-08-27T11:17:36+00:00\",\"description\":\"Aluminium Machinery for Aluminium Market, Aluminium Profile Machining Center, Double Head Cutting Machine, 4 axis CNC, 5 Axis CNC, Facade Notching Saws, Double Mitre Saws\",\"breadcrumb\":{\"@id\":\"https:\\\/\\\/www.mecanicacnc.com\\\/tr\\\/kurumsal\\\/#breadcrumb\"},\"inLanguage\":\"tr\",\"potentialAction\":[{\"@type\":\"ReadAction\",\"target\":[\"https:\\\/\\\/www.mecanicacnc.com\\\/tr\\\/kurumsal\\\/\"]}]},{\"@type\":\"ImageObject\",\"inLanguage\":\"tr\",\"@id\":\"https:\\\/\\\/www.mecanicacnc.com\\\/tr\\\/kurumsal\\\/#primaryimage\",\"url\":\"https:\\\/\\\/www.mecanicacnc.com\\\/wp-content\\\/uploads\\\/2020\\\/12\\\/logo-gray.png\",\"contentUrl\":\"https:\\\/\\\/www.mecanicacnc.com\\\/wp-content\\\/uploads\\\/2020\\\/12\\\/logo-gray.png\",\"width\":270,\"height\":270},{\"@type\":\"BreadcrumbList\",\"@id\":\"https:\\\/\\\/www.mecanicacnc.com\\\/tr\\\/kurumsal\\\/#breadcrumb\",\"itemListElement\":[{\"@type\":\"ListItem\",\"position\":1,\"name\":\"Anasayfa\",\"item\":\"https:\\\/\\\/www.mecanicacnc.com\\\/tr\\\/\"},{\"@type\":\"ListItem\",\"position\":2,\"name\":\"Kurumsal\"}]},{\"@type\":\"WebSite\",\"@id\":\"https:\\\/\\\/www.mecanicacnc.com\\\/tr\\\/#website\",\"url\":\"https:\\\/\\\/www.mecanicacnc.com\\\/tr\\\/\",\"name\":\"Mecanica - Al\u00fcminyum Profil Kesme ve \u0130\u015fleme Makine ve Otomasyon Teknolojileri\",\"description\":\"Aluminium Profile CNC Machinery for aluminium market\",\"publisher\":{\"@id\":\"https:\\\/\\\/www.mecanicacnc.com\\\/tr\\\/#organization\"},\"alternateName\":\"Mecanica Aluminyum CNC Makineleri\",\"potentialAction\":[{\"@type\":\"SearchAction\",\"target\":{\"@type\":\"EntryPoint\",\"urlTemplate\":\"https:\\\/\\\/www.mecanicacnc.com\\\/tr\\\/?s={search_term_string}\"},\"query-input\":{\"@type\":\"PropertyValueSpecification\",\"valueRequired\":true,\"valueName\":\"search_term_string\"}}],\"inLanguage\":\"tr\"},{\"@type\":[\"Organization\",\"Place\"],\"@id\":\"https:\\\/\\\/www.mecanicacnc.com\\\/tr\\\/#organization\",\"name\":\"Mecanica CNC Aluminum Machinery\",\"alternateName\":\"Mecanica CNC Aluminium Machinery\",\"url\":\"https:\\\/\\\/www.mecanicacnc.com\\\/tr\\\/\",\"logo\":{\"@id\":\"https:\\\/\\\/www.mecanicacnc.com\\\/tr\\\/kurumsal\\\/#local-main-organization-logo\"},\"image\":{\"@id\":\"https:\\\/\\\/www.mecanicacnc.com\\\/tr\\\/kurumsal\\\/#local-main-organization-logo\"},\"sameAs\":[\"https:\\\/\\\/www.facebook.com\\\/mecanicacncmakine\",\"https:\\\/\\\/x.com\\\/MecanicaCNC\",\"https:\\\/\\\/mastodon.social\\\/@mecanicacnc\",\"https:\\\/\\\/www.instagram.com\\\/mecanicacnc\\\/\",\"https:\\\/\\\/tr.pinterest.com\\\/mecanicacnc\\\/\",\"https:\\\/\\\/www.youtube.com\\\/@mecanicacncmachine\"],\"description\":\"Mecanica CNC has been established to offer the machines needed by the aluminum industry. Mecanica CNC, which was established in 2015, has taken the lead in the production of automation machines in the automotive sector, white goods sector and industrial aluminum sectors in a short time and is the direct machine supplier of many automotive companies.\",\"legalName\":\"Mecanica CNC Makine Servis LTD STI\",\"foundingDate\":\"2015-01-01\",\"numberOfEmployees\":{\"@type\":\"QuantitativeValue\",\"minValue\":\"11\",\"maxValue\":\"50\"},\"publishingPrinciples\":\"https:\\\/\\\/www.mecanicacnc.com\\\/corporate\\\/\",\"ownershipFundingInfo\":\"https:\\\/\\\/www.mecanicacnc.com\\\/contact-detail\\\/\",\"actionableFeedbackPolicy\":\"https:\\\/\\\/www.mecanicacnc.com\\\/contact-form\\\/\",\"correctionsPolicy\":\"https:\\\/\\\/www.mecanicacnc.com\\\/contact-form\\\/\",\"ethicsPolicy\":\"https:\\\/\\\/www.mecanicacnc.com\\\/contact-form\\\/\",\"diversityPolicy\":\"https:\\\/\\\/www.mecanicacnc.com\\\/contact-detail\\\/\",\"diversityStaffingReport\":\"https:\\\/\\\/www.mecanicacnc.com\\\/contact-detail\\\/\",\"address\":{\"@id\":\"https:\\\/\\\/www.mecanicacnc.com\\\/tr\\\/kurumsal\\\/#local-main-place-address\"},\"telephone\":[\"00902166887574\",\"00905307742130\"],\"contactPoint\":{\"@type\":\"ContactPoint\",\"telephone\":\"00905307742130\",\"email\":\"osman@mecanicacnc.com\"},\"openingHoursSpecification\":[{\"@type\":\"OpeningHoursSpecification\",\"dayOfWeek\":[\"Monday\",\"Tuesday\",\"Wednesday\",\"Thursday\",\"Friday\"],\"opens\":\"09:00\",\"closes\":\"18:00\"},{\"@type\":\"OpeningHoursSpecification\",\"dayOfWeek\":[\"Saturday\"],\"opens\":\"09:00\",\"closes\":\"12:00\"},{\"@type\":\"OpeningHoursSpecification\",\"dayOfWeek\":[\"Sunday\"],\"opens\":\"00:00\",\"closes\":\"00:00\"}],\"email\":\"info@mecanicacnc.com\",\"faxNumber\":\"00902166887572\",\"vatID\":\"6130845412\"},{\"@type\":\"Person\",\"@id\":\"https:\\\/\\\/www.mecanicacnc.com\\\/tr\\\/#\\\/schema\\\/person\\\/e7b248a6ed3a02b2d612d15afe637db7\",\"name\":\"mecanica\",\"image\":{\"@type\":\"ImageObject\",\"inLanguage\":\"tr\",\"@id\":\"https:\\\/\\\/secure.gravatar.com\\\/avatar\\\/1ae77edb4ed4d2cf895278da1ae4ee7b3124220d2482b7d7610bda838571fd93?s=96&d=mm&r=g\",\"url\":\"https:\\\/\\\/secure.gravatar.com\\\/avatar\\\/1ae77edb4ed4d2cf895278da1ae4ee7b3124220d2482b7d7610bda838571fd93?s=96&d=mm&r=g\",\"contentUrl\":\"https:\\\/\\\/secure.gravatar.com\\\/avatar\\\/1ae77edb4ed4d2cf895278da1ae4ee7b3124220d2482b7d7610bda838571fd93?s=96&d=mm&r=g\",\"caption\":\"mecanica\"},\"sameAs\":[\"https:\\\/\\\/www.mecanicacnc.com\"],\"url\":\"https:\\\/\\\/www.mecanicacnc.com\\\/tr\\\/author\\\/mecanica\\\/\"},{\"@type\":\"PostalAddress\",\"@id\":\"https:\\\/\\\/www.mecanicacnc.com\\\/tr\\\/kurumsal\\\/#local-main-place-address\",\"streetAddress\":\"adakule cevizli mah yesil sok no 4 d 87 kat 16 cevizli maltepe istanbul\",\"addressLocality\":\"istanbul\",\"postalCode\":\"34876\",\"addressRegion\":\"marmara sea\",\"addressCountry\":\"TR\"},{\"@type\":\"ImageObject\",\"inLanguage\":\"tr\",\"@id\":\"https:\\\/\\\/www.mecanicacnc.com\\\/tr\\\/kurumsal\\\/#local-main-organization-logo\",\"url\":\"https:\\\/\\\/www.mecanicacnc.com\\\/wp-content\\\/uploads\\\/2021\\\/06\\\/mecanica-logo-son.jpg\",\"contentUrl\":\"https:\\\/\\\/www.mecanicacnc.com\\\/wp-content\\\/uploads\\\/2021\\\/06\\\/mecanica-logo-son.jpg\",\"width\":696,\"height\":508,\"caption\":\"Mecanica CNC Aluminum Machinery\"}]}<\/script>\n<meta name=\"geo.placename\" content=\"istanbul\" \/>\n<meta name=\"geo.region\" content=\"T\u00fcrkiye\" \/>\n<!-- \/ Yoast SEO Premium plugin. -->","yoast_head_json":{"title":"Kurumsal - Mecanica - Al\u00fcminyum Profil Kesme ve \u0130\u015fleme Makine ve Otomasyon Teknolojileri","description":"Aluminium Machinery for Aluminium Market, Aluminium Profile Machining Center, Double Head Cutting Machine, 4 axis CNC, 5 Axis CNC, Facade Notching Saws, Double Mitre Saws","robots":{"index":"index","follow":"follow","max-snippet":"max-snippet:-1","max-image-preview":"max-image-preview:large","max-video-preview":"max-video-preview:-1"},"canonical":"https:\/\/www.mecanicacnc.com\/tr\/kurumsal\/","og_locale":"tr_TR","og_type":"article","og_title":"Kurumsal","og_description":"Aluminum Profile Machining Center by Mecanica CNC","og_url":"https:\/\/www.mecanicacnc.com\/tr\/kurumsal\/","og_site_name":"Mecanica - Al\u00fcminyum Profil Kesme ve \u0130\u015fleme Makine ve Otomasyon Teknolojileri","article_publisher":"https:\/\/www.facebook.com\/mecanicacncmakine","article_modified_time":"2025-08-27T11:17:36+00:00","og_image":[{"width":270,"height":270,"url":"https:\/\/www.mecanicacnc.com\/wp-content\/uploads\/2020\/12\/logo-gray.png","type":"image\/png"}],"twitter_card":"summary_large_image","twitter_site":"@MecanicaCNC","twitter_misc":{"Tahmini okuma s\u00fcresi":"2 dakika"},"schema":{"@context":"https:\/\/schema.org","@graph":[{"@type":"TechArticle","@id":"https:\/\/www.mecanicacnc.com\/tr\/kurumsal\/#article","isPartOf":{"@id":"https:\/\/www.mecanicacnc.com\/tr\/kurumsal\/"},"author":{"name":"mecanica","@id":"https:\/\/www.mecanicacnc.com\/tr\/#\/schema\/person\/e7b248a6ed3a02b2d612d15afe637db7"},"headline":"Kurumsal","datePublished":"2020-12-08T05:12:25+00:00","dateModified":"2025-08-27T11:17:36+00:00","mainEntityOfPage":{"@id":"https:\/\/www.mecanicacnc.com\/tr\/kurumsal\/"},"wordCount":208,"publisher":{"@id":"https:\/\/www.mecanicacnc.com\/tr\/#organization"},"image":{"@id":"https:\/\/www.mecanicacnc.com\/tr\/kurumsal\/#primaryimage"},"thumbnailUrl":"https:\/\/www.mecanicacnc.com\/wp-content\/uploads\/2020\/12\/logo-gray.png","inLanguage":"tr"},{"@type":"WebPage","@id":"https:\/\/www.mecanicacnc.com\/tr\/kurumsal\/","url":"https:\/\/www.mecanicacnc.com\/tr\/kurumsal\/","name":"Kurumsal - Mecanica - Al\u00fcminyum Profil Kesme ve \u0130\u015fleme Makine ve Otomasyon Teknolojileri","isPartOf":{"@id":"https:\/\/www.mecanicacnc.com\/tr\/#website"},"primaryImageOfPage":{"@id":"https:\/\/www.mecanicacnc.com\/tr\/kurumsal\/#primaryimage"},"image":{"@id":"https:\/\/www.mecanicacnc.com\/tr\/kurumsal\/#primaryimage"},"thumbnailUrl":"https:\/\/www.mecanicacnc.com\/wp-content\/uploads\/2020\/12\/logo-gray.png","datePublished":"2020-12-08T05:12:25+00:00","dateModified":"2025-08-27T11:17:36+00:00","description":"Aluminium Machinery for Aluminium Market, Aluminium Profile Machining Center, Double Head Cutting Machine, 4 axis CNC, 5 Axis CNC, Facade Notching Saws, Double Mitre Saws","breadcrumb":{"@id":"https:\/\/www.mecanicacnc.com\/tr\/kurumsal\/#breadcrumb"},"inLanguage":"tr","potentialAction":[{"@type":"ReadAction","target":["https:\/\/www.mecanicacnc.com\/tr\/kurumsal\/"]}]},{"@type":"ImageObject","inLanguage":"tr","@id":"https:\/\/www.mecanicacnc.com\/tr\/kurumsal\/#primaryimage","url":"https:\/\/www.mecanicacnc.com\/wp-content\/uploads\/2020\/12\/logo-gray.png","contentUrl":"https:\/\/www.mecanicacnc.com\/wp-content\/uploads\/2020\/12\/logo-gray.png","width":270,"height":270},{"@type":"BreadcrumbList","@id":"https:\/\/www.mecanicacnc.com\/tr\/kurumsal\/#breadcrumb","itemListElement":[{"@type":"ListItem","position":1,"name":"Anasayfa","item":"https:\/\/www.mecanicacnc.com\/tr\/"},{"@type":"ListItem","position":2,"name":"Kurumsal"}]},{"@type":"WebSite","@id":"https:\/\/www.mecanicacnc.com\/tr\/#website","url":"https:\/\/www.mecanicacnc.com\/tr\/","name":"Mecanica - Al\u00fcminyum Profil Kesme ve \u0130\u015fleme Makine ve Otomasyon Teknolojileri","description":"Aluminium Profile CNC Machinery for aluminium market","publisher":{"@id":"https:\/\/www.mecanicacnc.com\/tr\/#organization"},"alternateName":"Mecanica Aluminyum CNC Makineleri","potentialAction":[{"@type":"SearchAction","target":{"@type":"EntryPoint","urlTemplate":"https:\/\/www.mecanicacnc.com\/tr\/?s={search_term_string}"},"query-input":{"@type":"PropertyValueSpecification","valueRequired":true,"valueName":"search_term_string"}}],"inLanguage":"tr"},{"@type":["Organization","Place"],"@id":"https:\/\/www.mecanicacnc.com\/tr\/#organization","name":"Mecanica CNC Aluminum Machinery","alternateName":"Mecanica CNC Aluminium Machinery","url":"https:\/\/www.mecanicacnc.com\/tr\/","logo":{"@id":"https:\/\/www.mecanicacnc.com\/tr\/kurumsal\/#local-main-organization-logo"},"image":{"@id":"https:\/\/www.mecanicacnc.com\/tr\/kurumsal\/#local-main-organization-logo"},"sameAs":["https:\/\/www.facebook.com\/mecanicacncmakine","https:\/\/x.com\/MecanicaCNC","https:\/\/mastodon.social\/@mecanicacnc","https:\/\/www.instagram.com\/mecanicacnc\/","https:\/\/tr.pinterest.com\/mecanicacnc\/","https:\/\/www.youtube.com\/@mecanicacncmachine"],"description":"Mecanica CNC has been established to offer the machines needed by the aluminum industry. Mecanica CNC, which was established in 2015, has taken the lead in the production of automation machines in the automotive sector, white goods sector and industrial aluminum sectors in a short time and is the direct machine supplier of many automotive companies.","legalName":"Mecanica CNC Makine Servis LTD STI","foundingDate":"2015-01-01","numberOfEmployees":{"@type":"QuantitativeValue","minValue":"11","maxValue":"50"},"publishingPrinciples":"https:\/\/www.mecanicacnc.com\/corporate\/","ownershipFundingInfo":"https:\/\/www.mecanicacnc.com\/contact-detail\/","actionableFeedbackPolicy":"https:\/\/www.mecanicacnc.com\/contact-form\/","correctionsPolicy":"https:\/\/www.mecanicacnc.com\/contact-form\/","ethicsPolicy":"https:\/\/www.mecanicacnc.com\/contact-form\/","diversityPolicy":"https:\/\/www.mecanicacnc.com\/contact-detail\/","diversityStaffingReport":"https:\/\/www.mecanicacnc.com\/contact-detail\/","address":{"@id":"https:\/\/www.mecanicacnc.com\/tr\/kurumsal\/#local-main-place-address"},"telephone":["00902166887574","00905307742130"],"contactPoint":{"@type":"ContactPoint","telephone":"00905307742130","email":"osman@mecanicacnc.com"},"openingHoursSpecification":[{"@type":"OpeningHoursSpecification","dayOfWeek":["Monday","Tuesday","Wednesday","Thursday","Friday"],"opens":"09:00","closes":"18:00"},{"@type":"OpeningHoursSpecification","dayOfWeek":["Saturday"],"opens":"09:00","closes":"12:00"},{"@type":"OpeningHoursSpecification","dayOfWeek":["Sunday"],"opens":"00:00","closes":"00:00"}],"email":"info@mecanicacnc.com","faxNumber":"00902166887572","vatID":"6130845412"},{"@type":"Person","@id":"https:\/\/www.mecanicacnc.com\/tr\/#\/schema\/person\/e7b248a6ed3a02b2d612d15afe637db7","name":"mecanica","image":{"@type":"ImageObject","inLanguage":"tr","@id":"https:\/\/secure.gravatar.com\/avatar\/1ae77edb4ed4d2cf895278da1ae4ee7b3124220d2482b7d7610bda838571fd93?s=96&d=mm&r=g","url":"https:\/\/secure.gravatar.com\/avatar\/1ae77edb4ed4d2cf895278da1ae4ee7b3124220d2482b7d7610bda838571fd93?s=96&d=mm&r=g","contentUrl":"https:\/\/secure.gravatar.com\/avatar\/1ae77edb4ed4d2cf895278da1ae4ee7b3124220d2482b7d7610bda838571fd93?s=96&d=mm&r=g","caption":"mecanica"},"sameAs":["https:\/\/www.mecanicacnc.com"],"url":"https:\/\/www.mecanicacnc.com\/tr\/author\/mecanica\/"},{"@type":"PostalAddress","@id":"https:\/\/www.mecanicacnc.com\/tr\/kurumsal\/#local-main-place-address","streetAddress":"adakule cevizli mah yesil sok no 4 d 87 kat 16 cevizli maltepe istanbul","addressLocality":"istanbul","postalCode":"34876","addressRegion":"marmara sea","addressCountry":"TR"},{"@type":"ImageObject","inLanguage":"tr","@id":"https:\/\/www.mecanicacnc.com\/tr\/kurumsal\/#local-main-organization-logo","url":"https:\/\/www.mecanicacnc.com\/wp-content\/uploads\/2021\/06\/mecanica-logo-son.jpg","contentUrl":"https:\/\/www.mecanicacnc.com\/wp-content\/uploads\/2021\/06\/mecanica-logo-son.jpg","width":696,"height":508,"caption":"Mecanica CNC Aluminum Machinery"}]},"geo.placename":"istanbul","geo.region":"T\u00fcrkiye"},"_links":{"self":[{"href":"https:\/\/www.mecanicacnc.com\/tr\/wp-json\/wp\/v2\/pages\/139","targetHints":{"allow":["GET"]}}],"collection":[{"href":"https:\/\/www.mecanicacnc.com\/tr\/wp-json\/wp\/v2\/pages"}],"about":[{"href":"https:\/\/www.mecanicacnc.com\/tr\/wp-json\/wp\/v2\/types\/page"}],"author":[{"embeddable":true,"href":"https:\/\/www.mecanicacnc.com\/tr\/wp-json\/wp\/v2\/users\/1"}],"replies":[{"embeddable":true,"href":"https:\/\/www.mecanicacnc.com\/tr\/wp-json\/wp\/v2\/comments?post=139"}],"version-history":[{"count":10,"href":"https:\/\/www.mecanicacnc.com\/tr\/wp-json\/wp\/v2\/pages\/139\/revisions"}],"predecessor-version":[{"id":1677,"href":"https:\/\/www.mecanicacnc.com\/tr\/wp-json\/wp\/v2\/pages\/139\/revisions\/1677"}],"wp:featuredmedia":[{"embeddable":true,"href":"https:\/\/www.mecanicacnc.com\/tr\/wp-json\/wp\/v2\/media\/142"}],"wp:attachment":[{"href":"https:\/\/www.mecanicacnc.com\/tr\/wp-json\/wp\/v2\/media?parent=139"}],"curies":[{"name":"wp","href":"https:\/\/api.w.org\/{rel}","templated":true}]}}